{"id":3200,"date":"2025-01-10T08:04:17","date_gmt":"2025-01-10T06:04:17","guid":{"rendered":"https:\/\/noplasticfilter.org\/no-butts-day\/"},"modified":"2025-07-22T08:59:16","modified_gmt":"2025-07-22T06:59:16","slug":"no-butts-day","status":"publish","type":"page","link":"https:\/\/noplasticfilter.org\/fr\/no-butts-day\/","title":{"rendered":"No Butts Day"},"content":{"rendered":"","protected":false},"excerpt":{"rendered":"","protected":false},"author":2,"featured_media":2737,"parent":0,"menu_order":0,"comment_status":"closed","ping_status":"closed","template":"page-templates\/butts-day.php","meta":{"_acf_changed":false,"footnotes":""},"class_list":["post-3200","page","type-page","status-publish","has-post-thumbnail","hentry"],"acf":[],"yoast_head":"<!-- This site is optimized with the Yoast SEO plugin v25.9 - https:\/\/yoast.com\/wordpress\/plugins\/seo\/ -->\n<title>No Butts Day - No (Plastic) Filter<\/title>\n<meta name=\"description\" content=\"Le plus grand nettoyage de m\u00e9g\u00f4ts du monde! Rejoignez-nous pour prouver une fois de plus que seule une interdiction internationale des filtres \u00e0 cigarettes en plastique peut r\u00e9soudre ce probl\u00e8me.\" \/>\n<meta name=\"robots\" content=\"index, follow, max-snippet:-1, max-image-preview:large, max-video-preview:-1\" \/>\n<link rel=\"canonical\" href=\"https:\/\/noplasticfilter.org\/fr\/no-butts-day\/\" \/>\n<meta property=\"og:locale\" content=\"fr_FR\" \/>\n<meta property=\"og:type\" content=\"article\" \/>\n<meta property=\"og:title\" content=\"No Butts Day - No (Plastic) Filter\" \/>\n<meta property=\"og:description\" content=\"Le plus grand nettoyage de m\u00e9g\u00f4ts du monde! Rejoignez-nous pour prouver une fois de plus que seule une interdiction internationale des filtres \u00e0 cigarettes en plastique peut r\u00e9soudre ce probl\u00e8me.\" \/>\n<meta property=\"og:url\" content=\"https:\/\/noplasticfilter.org\/fr\/no-butts-day\/\" \/>\n<meta property=\"og:site_name\" content=\"No (Plastic) Filter\" \/>\n<meta property=\"article:modified_time\" content=\"2025-07-22T06:59:16+00:00\" \/>\n<meta property=\"og:image\" content=\"https:\/\/noplasticfilter.org\/wp-content\/uploads\/2025\/03\/Plastic-PeukMeuk-2020-nofilterplease-Annemarieke-Celine-23-scaled.jpg\" \/>\n\t<meta property=\"og:image:width\" content=\"2560\" \/>\n\t<meta property=\"og:image:height\" content=\"1707\" \/>\n\t<meta property=\"og:image:type\" content=\"image\/jpeg\" \/>\n<meta name=\"twitter:card\" content=\"summary_large_image\" \/>\n<script type=\"application\/ld+json\" class=\"yoast-schema-graph\">{\"@context\":\"https:\/\/schema.org\",\"@graph\":[{\"@type\":\"WebPage\",\"@id\":\"https:\/\/noplasticfilter.org\/fr\/no-butts-day\/\",\"url\":\"https:\/\/noplasticfilter.org\/fr\/no-butts-day\/\",\"name\":\"No Butts Day - No (Plastic) Filter\",\"isPartOf\":{\"@id\":\"https:\/\/noplasticfilter.org\/fr\/#website\"},\"primaryImageOfPage\":{\"@id\":\"https:\/\/noplasticfilter.org\/fr\/no-butts-day\/#primaryimage\"},\"image\":{\"@id\":\"https:\/\/noplasticfilter.org\/fr\/no-butts-day\/#primaryimage\"},\"thumbnailUrl\":\"https:\/\/noplasticfilter.org\/wp-content\/uploads\/2025\/03\/Plastic-PeukMeuk-2020-nofilterplease-Annemarieke-Celine-23-scaled.jpg\",\"datePublished\":\"2025-01-10T06:04:17+00:00\",\"dateModified\":\"2025-07-22T06:59:16+00:00\",\"description\":\"Le plus grand nettoyage de m\u00e9g\u00f4ts du monde! Rejoignez-nous pour prouver une fois de plus que seule une interdiction internationale des filtres \u00e0 cigarettes en plastique peut r\u00e9soudre ce probl\u00e8me.\",\"breadcrumb\":{\"@id\":\"https:\/\/noplasticfilter.org\/fr\/no-butts-day\/#breadcrumb\"},\"inLanguage\":\"fr-FR\",\"potentialAction\":[{\"@type\":\"ReadAction\",\"target\":[\"https:\/\/noplasticfilter.org\/fr\/no-butts-day\/\"]}]},{\"@type\":\"ImageObject\",\"inLanguage\":\"fr-FR\",\"@id\":\"https:\/\/noplasticfilter.org\/fr\/no-butts-day\/#primaryimage\",\"url\":\"https:\/\/noplasticfilter.org\/wp-content\/uploads\/2025\/03\/Plastic-PeukMeuk-2020-nofilterplease-Annemarieke-Celine-23-scaled.jpg\",\"contentUrl\":\"https:\/\/noplasticfilter.org\/wp-content\/uploads\/2025\/03\/Plastic-PeukMeuk-2020-nofilterplease-Annemarieke-Celine-23-scaled.jpg\",\"width\":2560,\"height\":1707},{\"@type\":\"BreadcrumbList\",\"@id\":\"https:\/\/noplasticfilter.org\/fr\/no-butts-day\/#breadcrumb\",\"itemListElement\":[{\"@type\":\"ListItem\",\"position\":1,\"name\":\"Home\",\"item\":\"https:\/\/noplasticfilter.org\/fr\/accueil\/\"},{\"@type\":\"ListItem\",\"position\":2,\"name\":\"No Butts Day\"}]},{\"@type\":\"WebSite\",\"@id\":\"https:\/\/noplasticfilter.org\/fr\/#website\",\"url\":\"https:\/\/noplasticfilter.org\/fr\/\",\"name\":\"No (Plastic) Filter\",\"description\":\"Cigarette filters are polluting and unnecessary. That&#039;s why people and organisations worldwide call on policymakers to ban cigarette filters now. Sign to join our mission!\",\"potentialAction\":[{\"@type\":\"SearchAction\",\"target\":{\"@type\":\"EntryPoint\",\"urlTemplate\":\"https:\/\/noplasticfilter.org\/fr\/?s={search_term_string}\"},\"query-input\":{\"@type\":\"PropertyValueSpecification\",\"valueRequired\":true,\"valueName\":\"search_term_string\"}}],\"inLanguage\":\"fr-FR\"}]}<\/script>\n<!-- \/ Yoast SEO plugin. -->","yoast_head_json":{"title":"No Butts Day - No (Plastic) Filter","description":"Le plus grand nettoyage de m\u00e9g\u00f4ts du monde! Rejoignez-nous pour prouver une fois de plus que seule une interdiction internationale des filtres \u00e0 cigarettes en plastique peut r\u00e9soudre ce probl\u00e8me.","robots":{"index":"index","follow":"follow","max-snippet":"max-snippet:-1","max-image-preview":"max-image-preview:large","max-video-preview":"max-video-preview:-1"},"canonical":"https:\/\/noplasticfilter.org\/fr\/no-butts-day\/","og_locale":"fr_FR","og_type":"article","og_title":"No Butts Day - No (Plastic) Filter","og_description":"Le plus grand nettoyage de m\u00e9g\u00f4ts du monde! Rejoignez-nous pour prouver une fois de plus que seule une interdiction internationale des filtres \u00e0 cigarettes en plastique peut r\u00e9soudre ce probl\u00e8me.","og_url":"https:\/\/noplasticfilter.org\/fr\/no-butts-day\/","og_site_name":"No (Plastic) Filter","article_modified_time":"2025-07-22T06:59:16+00:00","og_image":[{"width":2560,"height":1707,"url":"https:\/\/noplasticfilter.org\/wp-content\/uploads\/2025\/03\/Plastic-PeukMeuk-2020-nofilterplease-Annemarieke-Celine-23-scaled.jpg","type":"image\/jpeg"}],"twitter_card":"summary_large_image","schema":{"@context":"https:\/\/schema.org","@graph":[{"@type":"WebPage","@id":"https:\/\/noplasticfilter.org\/fr\/no-butts-day\/","url":"https:\/\/noplasticfilter.org\/fr\/no-butts-day\/","name":"No Butts Day - No (Plastic) Filter","isPartOf":{"@id":"https:\/\/noplasticfilter.org\/fr\/#website"},"primaryImageOfPage":{"@id":"https:\/\/noplasticfilter.org\/fr\/no-butts-day\/#primaryimage"},"image":{"@id":"https:\/\/noplasticfilter.org\/fr\/no-butts-day\/#primaryimage"},"thumbnailUrl":"https:\/\/noplasticfilter.org\/wp-content\/uploads\/2025\/03\/Plastic-PeukMeuk-2020-nofilterplease-Annemarieke-Celine-23-scaled.jpg","datePublished":"2025-01-10T06:04:17+00:00","dateModified":"2025-07-22T06:59:16+00:00","description":"Le plus grand nettoyage de m\u00e9g\u00f4ts du monde! Rejoignez-nous pour prouver une fois de plus que seule une interdiction internationale des filtres \u00e0 cigarettes en plastique peut r\u00e9soudre ce probl\u00e8me.","breadcrumb":{"@id":"https:\/\/noplasticfilter.org\/fr\/no-butts-day\/#breadcrumb"},"inLanguage":"fr-FR","potentialAction":[{"@type":"ReadAction","target":["https:\/\/noplasticfilter.org\/fr\/no-butts-day\/"]}]},{"@type":"ImageObject","inLanguage":"fr-FR","@id":"https:\/\/noplasticfilter.org\/fr\/no-butts-day\/#primaryimage","url":"https:\/\/noplasticfilter.org\/wp-content\/uploads\/2025\/03\/Plastic-PeukMeuk-2020-nofilterplease-Annemarieke-Celine-23-scaled.jpg","contentUrl":"https:\/\/noplasticfilter.org\/wp-content\/uploads\/2025\/03\/Plastic-PeukMeuk-2020-nofilterplease-Annemarieke-Celine-23-scaled.jpg","width":2560,"height":1707},{"@type":"BreadcrumbList","@id":"https:\/\/noplasticfilter.org\/fr\/no-butts-day\/#breadcrumb","itemListElement":[{"@type":"ListItem","position":1,"name":"Home","item":"https:\/\/noplasticfilter.org\/fr\/accueil\/"},{"@type":"ListItem","position":2,"name":"No Butts Day"}]},{"@type":"WebSite","@id":"https:\/\/noplasticfilter.org\/fr\/#website","url":"https:\/\/noplasticfilter.org\/fr\/","name":"No (Plastic) Filter","description":"Cigarette filters are polluting and unnecessary. That&#039;s why people and organisations worldwide call on policymakers to ban cigarette filters now. Sign to join our mission!","potentialAction":[{"@type":"SearchAction","target":{"@type":"EntryPoint","urlTemplate":"https:\/\/noplasticfilter.org\/fr\/?s={search_term_string}"},"query-input":{"@type":"PropertyValueSpecification","valueRequired":true,"valueName":"search_term_string"}}],"inLanguage":"fr-FR"}]}},"_links":{"self":[{"href":"https:\/\/noplasticfilter.org\/fr\/wp-json\/wp\/v2\/pages\/3200","targetHints":{"allow":["GET"]}}],"collection":[{"href":"https:\/\/noplasticfilter.org\/fr\/wp-json\/wp\/v2\/pages"}],"about":[{"href":"https:\/\/noplasticfilter.org\/fr\/wp-json\/wp\/v2\/types\/page"}],"author":[{"embeddable":true,"href":"https:\/\/noplasticfilter.org\/fr\/wp-json\/wp\/v2\/users\/2"}],"replies":[{"embeddable":true,"href":"https:\/\/noplasticfilter.org\/fr\/wp-json\/wp\/v2\/comments?post=3200"}],"version-history":[{"count":1,"href":"https:\/\/noplasticfilter.org\/fr\/wp-json\/wp\/v2\/pages\/3200\/revisions"}],"predecessor-version":[{"id":5361,"href":"https:\/\/noplasticfilter.org\/fr\/wp-json\/wp\/v2\/pages\/3200\/revisions\/5361"}],"wp:featuredmedia":[{"embeddable":true,"href":"https:\/\/noplasticfilter.org\/fr\/wp-json\/wp\/v2\/media\/2737"}],"wp:attachment":[{"href":"https:\/\/noplasticfilter.org\/fr\/wp-json\/wp\/v2\/media?parent=3200"}],"curies":[{"name":"wp","href":"https:\/\/api.w.org\/{rel}","templated":true}]}}