{"id":4568,"date":"2025-01-10T08:04:17","date_gmt":"2025-01-10T06:04:17","guid":{"rendered":"https:\/\/noplasticfilter.org\/no-butts-day\/"},"modified":"2025-01-10T08:04:17","modified_gmt":"2025-01-10T06:04:17","slug":"no-butts-day","status":"publish","type":"page","link":"https:\/\/noplasticfilter.org\/es\/no-butts-day\/","title":{"rendered":"No Butts Day"},"content":{"rendered":"","protected":false},"excerpt":{"rendered":"","protected":false},"author":2,"featured_media":906,"parent":0,"menu_order":0,"comment_status":"closed","ping_status":"closed","template":"page-templates\/butts-day.php","meta":{"_acf_changed":false,"footnotes":""},"class_list":["post-4568","page","type-page","status-publish","has-post-thumbnail","hentry"],"acf":[],"yoast_head":"<!-- This site is optimized with the Yoast SEO plugin v25.9 - https:\/\/yoast.com\/wordpress\/plugins\/seo\/ -->\n<title>No Butts Day - No (Plastic) Filter<\/title>\n<meta name=\"description\" content=\"\u00a1La mayor limpieza de colillas jam\u00e1s realizada! \u00danete a nosotros para demostrar una vez m\u00e1s que solo una prohibici\u00f3n internacional de los filtros de pl\u00e1stico de los cigarrillos puede atajar este problema.\" \/>\n<meta name=\"robots\" content=\"index, follow, max-snippet:-1, max-image-preview:large, max-video-preview:-1\" \/>\n<link rel=\"canonical\" href=\"https:\/\/noplasticfilter.org\/es\/no-butts-day\/\" \/>\n<meta property=\"og:locale\" content=\"es_ES\" \/>\n<meta property=\"og:type\" content=\"article\" \/>\n<meta property=\"og:title\" content=\"No Butts Day - No (Plastic) Filter\" \/>\n<meta property=\"og:description\" content=\"\u00a1La mayor limpieza de colillas jam\u00e1s realizada! \u00danete a nosotros para demostrar una vez m\u00e1s que solo una prohibici\u00f3n internacional de los filtros de pl\u00e1stico de los cigarrillos puede atajar este problema.\" \/>\n<meta property=\"og:url\" content=\"https:\/\/noplasticfilter.org\/es\/no-butts-day\/\" \/>\n<meta property=\"og:site_name\" content=\"No (Plastic) Filter\" \/>\n<meta property=\"og:image\" content=\"https:\/\/noplasticfilter.org\/wp-content\/uploads\/2025\/03\/Plastic-PeukMeuk-2020-nofilterplease-Annemarieke-Celine-23-scaled.jpg\" \/>\n\t<meta property=\"og:image:width\" content=\"2560\" \/>\n\t<meta property=\"og:image:height\" content=\"1707\" \/>\n\t<meta property=\"og:image:type\" content=\"image\/jpeg\" \/>\n<meta name=\"twitter:card\" content=\"summary_large_image\" \/>\n<script type=\"application\/ld+json\" class=\"yoast-schema-graph\">{\"@context\":\"https:\/\/schema.org\",\"@graph\":[{\"@type\":\"WebPage\",\"@id\":\"https:\/\/noplasticfilter.org\/es\/no-butts-day\/\",\"url\":\"https:\/\/noplasticfilter.org\/es\/no-butts-day\/\",\"name\":\"No Butts Day - No (Plastic) Filter\",\"isPartOf\":{\"@id\":\"https:\/\/noplasticfilter.org\/es\/#website\"},\"primaryImageOfPage\":{\"@id\":\"https:\/\/noplasticfilter.org\/es\/no-butts-day\/#primaryimage\"},\"image\":{\"@id\":\"https:\/\/noplasticfilter.org\/es\/no-butts-day\/#primaryimage\"},\"thumbnailUrl\":\"https:\/\/noplasticfilter.org\/wp-content\/uploads\/2025\/03\/Plastic-PeukMeuk-2020-nofilterplease-Annemarieke-Celine-23-scaled.jpg\",\"datePublished\":\"2025-01-10T06:04:17+00:00\",\"description\":\"\u00a1La mayor limpieza de colillas jam\u00e1s realizada! \u00danete a nosotros para demostrar una vez m\u00e1s que solo una prohibici\u00f3n internacional de los filtros de pl\u00e1stico de los cigarrillos puede atajar este problema.\",\"breadcrumb\":{\"@id\":\"https:\/\/noplasticfilter.org\/es\/no-butts-day\/#breadcrumb\"},\"inLanguage\":\"es\",\"potentialAction\":[{\"@type\":\"ReadAction\",\"target\":[\"https:\/\/noplasticfilter.org\/es\/no-butts-day\/\"]}]},{\"@type\":\"ImageObject\",\"inLanguage\":\"es\",\"@id\":\"https:\/\/noplasticfilter.org\/es\/no-butts-day\/#primaryimage\",\"url\":\"https:\/\/noplasticfilter.org\/wp-content\/uploads\/2025\/03\/Plastic-PeukMeuk-2020-nofilterplease-Annemarieke-Celine-23-scaled.jpg\",\"contentUrl\":\"https:\/\/noplasticfilter.org\/wp-content\/uploads\/2025\/03\/Plastic-PeukMeuk-2020-nofilterplease-Annemarieke-Celine-23-scaled.jpg\",\"width\":2560,\"height\":1707,\"caption\":\"No Butts Day 2020 - Netherlands - No Plastic Filter - Annemarieke Celine\"},{\"@type\":\"BreadcrumbList\",\"@id\":\"https:\/\/noplasticfilter.org\/es\/no-butts-day\/#breadcrumb\",\"itemListElement\":[{\"@type\":\"ListItem\",\"position\":1,\"name\":\"Home\",\"item\":\"https:\/\/noplasticfilter.org\/es\/home\/\"},{\"@type\":\"ListItem\",\"position\":2,\"name\":\"No Butts Day\"}]},{\"@type\":\"WebSite\",\"@id\":\"https:\/\/noplasticfilter.org\/es\/#website\",\"url\":\"https:\/\/noplasticfilter.org\/es\/\",\"name\":\"No (Plastic) Filter\",\"description\":\"Cigarette filters are polluting and unnecessary. That&#039;s why people and organisations worldwide call on policymakers to ban cigarette filters now. Sign to join our mission!\",\"potentialAction\":[{\"@type\":\"SearchAction\",\"target\":{\"@type\":\"EntryPoint\",\"urlTemplate\":\"https:\/\/noplasticfilter.org\/es\/?s={search_term_string}\"},\"query-input\":{\"@type\":\"PropertyValueSpecification\",\"valueRequired\":true,\"valueName\":\"search_term_string\"}}],\"inLanguage\":\"es\"}]}<\/script>\n<!-- \/ Yoast SEO plugin. -->","yoast_head_json":{"title":"No Butts Day - No (Plastic) Filter","description":"\u00a1La mayor limpieza de colillas jam\u00e1s realizada! \u00danete a nosotros para demostrar una vez m\u00e1s que solo una prohibici\u00f3n internacional de los filtros de pl\u00e1stico de los cigarrillos puede atajar este problema.","robots":{"index":"index","follow":"follow","max-snippet":"max-snippet:-1","max-image-preview":"max-image-preview:large","max-video-preview":"max-video-preview:-1"},"canonical":"https:\/\/noplasticfilter.org\/es\/no-butts-day\/","og_locale":"es_ES","og_type":"article","og_title":"No Butts Day - No (Plastic) Filter","og_description":"\u00a1La mayor limpieza de colillas jam\u00e1s realizada! \u00danete a nosotros para demostrar una vez m\u00e1s que solo una prohibici\u00f3n internacional de los filtros de pl\u00e1stico de los cigarrillos puede atajar este problema.","og_url":"https:\/\/noplasticfilter.org\/es\/no-butts-day\/","og_site_name":"No (Plastic) Filter","og_image":[{"width":2560,"height":1707,"url":"https:\/\/noplasticfilter.org\/wp-content\/uploads\/2025\/03\/Plastic-PeukMeuk-2020-nofilterplease-Annemarieke-Celine-23-scaled.jpg","type":"image\/jpeg"}],"twitter_card":"summary_large_image","schema":{"@context":"https:\/\/schema.org","@graph":[{"@type":"WebPage","@id":"https:\/\/noplasticfilter.org\/es\/no-butts-day\/","url":"https:\/\/noplasticfilter.org\/es\/no-butts-day\/","name":"No Butts Day - No (Plastic) Filter","isPartOf":{"@id":"https:\/\/noplasticfilter.org\/es\/#website"},"primaryImageOfPage":{"@id":"https:\/\/noplasticfilter.org\/es\/no-butts-day\/#primaryimage"},"image":{"@id":"https:\/\/noplasticfilter.org\/es\/no-butts-day\/#primaryimage"},"thumbnailUrl":"https:\/\/noplasticfilter.org\/wp-content\/uploads\/2025\/03\/Plastic-PeukMeuk-2020-nofilterplease-Annemarieke-Celine-23-scaled.jpg","datePublished":"2025-01-10T06:04:17+00:00","description":"\u00a1La mayor limpieza de colillas jam\u00e1s realizada! \u00danete a nosotros para demostrar una vez m\u00e1s que solo una prohibici\u00f3n internacional de los filtros de pl\u00e1stico de los cigarrillos puede atajar este problema.","breadcrumb":{"@id":"https:\/\/noplasticfilter.org\/es\/no-butts-day\/#breadcrumb"},"inLanguage":"es","potentialAction":[{"@type":"ReadAction","target":["https:\/\/noplasticfilter.org\/es\/no-butts-day\/"]}]},{"@type":"ImageObject","inLanguage":"es","@id":"https:\/\/noplasticfilter.org\/es\/no-butts-day\/#primaryimage","url":"https:\/\/noplasticfilter.org\/wp-content\/uploads\/2025\/03\/Plastic-PeukMeuk-2020-nofilterplease-Annemarieke-Celine-23-scaled.jpg","contentUrl":"https:\/\/noplasticfilter.org\/wp-content\/uploads\/2025\/03\/Plastic-PeukMeuk-2020-nofilterplease-Annemarieke-Celine-23-scaled.jpg","width":2560,"height":1707,"caption":"No Butts Day 2020 - Netherlands - No Plastic Filter - Annemarieke Celine"},{"@type":"BreadcrumbList","@id":"https:\/\/noplasticfilter.org\/es\/no-butts-day\/#breadcrumb","itemListElement":[{"@type":"ListItem","position":1,"name":"Home","item":"https:\/\/noplasticfilter.org\/es\/home\/"},{"@type":"ListItem","position":2,"name":"No Butts Day"}]},{"@type":"WebSite","@id":"https:\/\/noplasticfilter.org\/es\/#website","url":"https:\/\/noplasticfilter.org\/es\/","name":"No (Plastic) Filter","description":"Cigarette filters are polluting and unnecessary. That&#039;s why people and organisations worldwide call on policymakers to ban cigarette filters now. Sign to join our mission!","potentialAction":[{"@type":"SearchAction","target":{"@type":"EntryPoint","urlTemplate":"https:\/\/noplasticfilter.org\/es\/?s={search_term_string}"},"query-input":{"@type":"PropertyValueSpecification","valueRequired":true,"valueName":"search_term_string"}}],"inLanguage":"es"}]}},"_links":{"self":[{"href":"https:\/\/noplasticfilter.org\/es\/wp-json\/wp\/v2\/pages\/4568","targetHints":{"allow":["GET"]}}],"collection":[{"href":"https:\/\/noplasticfilter.org\/es\/wp-json\/wp\/v2\/pages"}],"about":[{"href":"https:\/\/noplasticfilter.org\/es\/wp-json\/wp\/v2\/types\/page"}],"author":[{"embeddable":true,"href":"https:\/\/noplasticfilter.org\/es\/wp-json\/wp\/v2\/users\/2"}],"replies":[{"embeddable":true,"href":"https:\/\/noplasticfilter.org\/es\/wp-json\/wp\/v2\/comments?post=4568"}],"version-history":[{"count":0,"href":"https:\/\/noplasticfilter.org\/es\/wp-json\/wp\/v2\/pages\/4568\/revisions"}],"wp:featuredmedia":[{"embeddable":true,"href":"https:\/\/noplasticfilter.org\/es\/wp-json\/wp\/v2\/media\/906"}],"wp:attachment":[{"href":"https:\/\/noplasticfilter.org\/es\/wp-json\/wp\/v2\/media?parent=4568"}],"curies":[{"name":"wp","href":"https:\/\/api.w.org\/{rel}","templated":true}]}}