{"id":8193,"date":"2026-03-02T10:41:14","date_gmt":"2026-03-02T08:41:14","guid":{"rendered":"https:\/\/noplasticfilter.org\/?page_id=8193"},"modified":"2026-03-02T10:41:14","modified_gmt":"2026-03-02T08:41:14","slug":"kampagne-2","status":"publish","type":"page","link":"https:\/\/noplasticfilter.org\/de\/kampagne-2\/","title":{"rendered":"Kampagne"},"content":{"rendered":"\n<div class=\"full-width-section \" >\n   <div class=\"container\">\n      <div class=\"row\">\n         <div class=\"col-12\">\n            <div class=\"acf-innerblocks-container\">\n\n<div class=\"wp-block-columns is-layout-flex wp-container-core-columns-is-layout-9d6595d7 wp-block-columns-is-layout-flex\">\n<div class=\"wp-block-column is-layout-flow wp-block-column-is-layout-flow\">\n<h2 class=\"wp-block-heading has-text-align-center\">Von der Unterst\u00fctzung zur Gesetzgebung<\/h2>\n\n\n\n<p class=\"has-text-align-center\">An increasing number of people and organisations are raising concerns about (plastic) cigarette filter pollution. Many are realizing that awareness campaigns and cleanups alone won\u2019t solve the problem. The No (Plastic) Filter-campaign unites the global movement calling for action at the source: stopping cigarette filters altogether. With international support, the campaign urges politicians and policymakers around the world to implement a ban.<\/p>\n\n\n\n<div aria-hidden=\"true\" class=\"wp-block-fsb-flexible-spacer fsb-flexible-spacer\"><div class=\"fsb-flexible-spacer__device fsb-flexible-spacer__device--lg\" style=\"height:50px\"><\/div><div class=\"fsb-flexible-spacer__device fsb-flexible-spacer__device--md\" style=\"height:50px\"><\/div><div class=\"fsb-flexible-spacer__device fsb-flexible-spacer__device--sm\" style=\"height:35px\"><\/div><\/div>\n<\/div>\n<\/div>\n\n\n\n<div class=\"wp-block-columns is-layout-flex wp-container-core-columns-is-layout-9d6595d7 wp-block-columns-is-layout-flex\">\n<div class=\"wp-block-column is-layout-flow wp-block-column-is-layout-flow\">\n<h3 class=\"wp-block-heading\"><strong>Dein Beitrag ist wichtig<\/strong><\/h3>\n\n\n\n<p>Wir k\u00f6nnen unser Ziel nur mit Deiner Unterst\u00fctzung f\u00fcr den Aufruf erreichen. Eure gemeinsame Unterst\u00fctzung, als Personen und Organisationen\/Initiativen, wird jetzt gebraucht: <\/p>\n\n\n\n<ol class=\"wp-block-list\">\n<li>Mit Hilfe der Weltkarte und einer \u00dcbersicht der unterst\u00fctzenden Organisationen eine <a href=\"https:\/\/noplasticfilter.org\/de\/unterstuetzer\/\">sichtbare Unterst\u00fctzerbasis<\/a> auf dieser Plattform aufbauen,<\/li>\n\n\n\n<li>Convince more people and organisations\/initiatives to <a href=\"#support-this-call\">support the call<\/a><\/li>\n\n\n\n<li>Verst\u00e4rkung unserer Lobbyarbeit gegen\u00fcber (inter)nationalen Politikern und Regierungen<\/li>\n<\/ol>\n<\/div>\n\n\n\n<div class=\"wp-block-column is-layout-flow wp-block-column-is-layout-flow\">\n<h3 class=\"wp-block-heading\"><strong>Strategie zur Erreichung unserer Ziele <\/strong><\/h3>\n\n\n\n<ol class=\"wp-block-list\">\n<li>Die weltweite Bewegung f\u00fcr unsere Forderung durch (Online-)Kommunikation ausbauen und vernetzen und gemeinsame Aktionen wie dem \u201eNo Butts Day\u201c und der \u00dcberwachung von Zigarettenfiltern durchf\u00fchren<\/li>\n\n\n\n<li>Wissensaustausch und Sensibilisierung<\/li>\n\n\n\n<li>Erstellung von Manifesten mit Unternehmen, Wissenschaftlern und (lokalen) Regierungsvertreter:innen<\/li>\n\n\n\n<li>Politiker:innen und Regierungsvertreter:innen bei der Umsetzung des Verbots unterst\u00fctzen<\/li>\n<\/ol>\n<\/div>\n<\/div>\n\n\n\n<div class=\"wp-block-columns is-layout-flex wp-container-core-columns-is-layout-9d6595d7 wp-block-columns-is-layout-flex\">\n<div class=\"wp-block-column is-layout-flow wp-block-column-is-layout-flow\">\n<h3 class=\"wp-block-heading\"><strong>Gesetzgeberische M\u00f6glichkeiten<\/strong><\/h3>\n\n\n\n<div aria-hidden=\"true\" class=\"wp-block-fsb-flexible-spacer fsb-flexible-spacer\"><div class=\"fsb-flexible-spacer__device fsb-flexible-spacer__device--lg\" style=\"height:50px\"><\/div><div class=\"fsb-flexible-spacer__device fsb-flexible-spacer__device--md\" style=\"height:50px\"><\/div><div class=\"fsb-flexible-spacer__device fsb-flexible-spacer__device--sm\" style=\"height:35px\"><\/div><\/div>\n\n\n\n<div class=\"wp-block-group is-nowrap is-layout-flex wp-container-core-group-is-layout-ad2f72ca wp-block-group-is-layout-flex\">\n<figure class=\"wp-block-image size-full is-resized\"><img loading=\"lazy\" decoding=\"async\" width=\"512\" height=\"512\" src=\"https:\/\/noplasticfilter.org\/wp-content\/uploads\/2025\/06\/world-1.png\" alt=\"\" class=\"wp-image-4214\" style=\"width:31px;height:auto\" srcset=\"https:\/\/noplasticfilter.org\/wp-content\/uploads\/2025\/06\/world-1.png 512w, https:\/\/noplasticfilter.org\/wp-content\/uploads\/2025\/06\/world-1-300x300.png 300w, https:\/\/noplasticfilter.org\/wp-content\/uploads\/2025\/06\/world-1-150x150.png 150w\" sizes=\"auto, (max-width: 512px) 100vw, 512px\" \/><\/figure>\n\n\n\n<p><strong>Europa: Einwegkunststoff-Richtlinie (SUPD) <\/strong><\/p>\n<\/div>\n\n\n\n<p>In 2025-2026 the European Union is <a href=\"https:\/\/ec.europa.eu\/info\/law\/better-regulation\/have-your-say\/initiatives\/14422-Rules-on-single-use-plastics-and-fishing-gear-evaluation-_en\" target=\"_blank\" rel=\"noreferrer noopener\">evaluating the Single-Use Plastics Directive (SUPD)<\/a>. Other single-use plastic items that were littered in large numbers were banned already. Why not add the plastic cigarette filters to the list? Public consultation is expected to open in the fourth quarter of 2025. The SUPD is our main focus: the time is now!\u00a0<\/p>\n\n\n\n<div class=\"wp-block-group is-nowrap is-layout-flex wp-container-core-group-is-layout-ad2f72ca wp-block-group-is-layout-flex\">\n<figure class=\"wp-block-image size-full is-resized\"><img loading=\"lazy\" decoding=\"async\" width=\"512\" height=\"512\" src=\"https:\/\/noplasticfilter.org\/wp-content\/uploads\/2025\/06\/circle.png\" alt=\"\" class=\"wp-image-4224\" style=\"width:31px;height:auto\" srcset=\"https:\/\/noplasticfilter.org\/wp-content\/uploads\/2025\/06\/circle.png 512w, https:\/\/noplasticfilter.org\/wp-content\/uploads\/2025\/06\/circle-300x300.png 300w, https:\/\/noplasticfilter.org\/wp-content\/uploads\/2025\/06\/circle-150x150.png 150w\" sizes=\"auto, (max-width: 512px) 100vw, 512px\" \/><\/figure>\n\n\n\n<p><strong><strong>Vereinte Nationen: Globales Kunststoffabkommen<\/strong> <\/strong><\/p>\n<\/div>\n\n\n\n<p>The United Nations are currently negotiating the <a href=\"https:\/\/www.unep.org\/inc-plastic-pollution\" target=\"_blank\" rel=\"noreferrer noopener\">Global Plastics Treaty (GPT)<\/a>, a legally binding commitment to reduce the impact of plastics, from extraction to end-of-life. A ban on plastic cigarette filters in the GPT would mean a world almost entirely free of toxic cigarette filter pollution!<\/p>\n\n\n\n<div class=\"wp-block-group is-nowrap is-layout-flex wp-container-core-group-is-layout-ad2f72ca wp-block-group-is-layout-flex\">\n<figure class=\"wp-block-image size-full is-resized\"><img loading=\"lazy\" decoding=\"async\" width=\"512\" height=\"512\" src=\"https:\/\/noplasticfilter.org\/wp-content\/uploads\/2025\/06\/netherlands.png\" alt=\"\" class=\"wp-image-4219\" style=\"width:31px;height:auto\" srcset=\"https:\/\/noplasticfilter.org\/wp-content\/uploads\/2025\/06\/netherlands.png 512w, https:\/\/noplasticfilter.org\/wp-content\/uploads\/2025\/06\/netherlands-300x300.png 300w, https:\/\/noplasticfilter.org\/wp-content\/uploads\/2025\/06\/netherlands-150x150.png 150w\" sizes=\"auto, (max-width: 512px) 100vw, 512px\" \/><\/figure>\n\n\n\n<p><strong>National: Niederlande<\/strong><\/p>\n<\/div>\n\n\n\n<p>Following a campaign by the Cigarette Butt Collective (Plastic Peuken Collectief) the <a href=\"https:\/\/www.tweedekamer.nl\/kamerstukken\/detail?id=2023Z18097&amp;did=2023D43740\" target=\"_blank\" rel=\"noreferrer noopener\">Dutch parliament voted for a national ban on plastic cigarette filters<\/a> in 2023, leading the government to conduct research into the legal and technical possibility of such a ban. The results of a second study are expected by the end of 2025. The environment minister has also <a href=\"https:\/\/www.rijksoverheid.nl\/documenten\/kamerstukken\/2023\/04\/19\/beleidsopties-ter-reductie-van-sigarettenfilters-in-zwerfafval\" target=\"_blank\" rel=\"noreferrer noopener\">pledged<\/a> to put a ban on cigarette filters on the agenda when Europe reviews its Single-Use Plastics Directive.<\/p>\n\n\n\n<p><em>Are you aware of any other legislative opportunity to implement a ban? <a href=\"mailto:info@noplasticfilter.org\">Let us know<\/a>!<\/em><\/p>\n<\/div>\n<\/div>\n\n\n\n<div class=\"wp-block-columns is-layout-flex wp-container-core-columns-is-layout-9d6595d7 wp-block-columns-is-layout-flex\">\n<div class=\"wp-block-column is-layout-flow wp-block-column-is-layout-flow\">\n<div aria-hidden=\"true\" class=\"wp-block-fsb-flexible-spacer fsb-flexible-spacer\"><div class=\"fsb-flexible-spacer__device fsb-flexible-spacer__device--lg\" style=\"height:100px\"><\/div><div class=\"fsb-flexible-spacer__device fsb-flexible-spacer__device--md\" style=\"height:100px\"><\/div><div class=\"fsb-flexible-spacer__device fsb-flexible-spacer__device--sm\" style=\"height:35px\"><\/div><\/div>\n\n\n\n<h2 class=\"wp-block-heading has-text-align-center\">Zeitplan<\/h2>\n\n\n\n<div class=\"wp-block-cp-timeline-content-timeline-block Cool-Content-Timeline\"><div class=\"cool-timeline-block-24f7f94c-93fe-4585-a62b-8a5abdb97b00\"><style>.cool-timeline-block-24f7f94c-93fe-4585-a62b-8a5abdb97b00 .cool-vertical-timeline-body{--ctlb-icon-color: #176765;--ctlb-line-color: #176765;--ctlb-icon-bg: #176765;--ctlb-story-border-color: #176765;}<\/style><div class=\"cool-vertical-timeline-body ctlb-wrapper both-sided right\"><div class=\"cool-timeline-block-list\">\n<div class=\"wp-block-cp-timeline-content-timeline-block-child swiper-slide\"><div class=\"timeline-content icon-false \"><div class=\"timeline-block-timeline ctl-row  position-right\"><div class=\"ctl-6 timeline-block-time\"><div class=\"story-time\"><p><strong>Continuous:<\/strong><\/p><\/div><\/div><div class=\"timeline-block-icon\"><svg stroke=\"currentColor\" fill=\"currentColor\" stroke-width=\"0\" viewBox=\"0 0 512 512\" height=\"1em\" width=\"1em\" xmlns=\"http:\/\/www.w3.org\/2000\/svg\"><path d=\"M256 8C119 8 8 119 8 256s111 248 248 248 248-111 248-248S393 8 256 8z\"><\/path><\/svg><\/div><div class=\"ctl-6 timeline-block-detail\"><div class=\"story-details\"><div class=\"story-content\">\n<ul class=\"wp-block-list\">\n<li>Austausch wissenschaftlicher Erkenntnisse \u00fcber das Ausma\u00df und die Folgen der Verschmutzung <\/li>\n\n\n\n<li>Globale Unterst\u00fctzung auf dieser Website zusammentragen<\/li>\n\n\n\n<li>Unterst\u00fctzung weltweit generieren<\/li>\n\n\n\n<li>Politiker:innen und Entscheidungstr\u00e4ger:innen informieren<\/li>\n\n\n\n<li>den Unterst\u00fctzern geeignete Mittel an die Hand geben, um ihre Politiker und politischen Entscheidungstr\u00e4ger zu informieren<\/li>\n<\/ul>\n<\/div><\/div><\/div><\/div><\/div><\/div>\n\n\n\n<div class=\"wp-block-cp-timeline-content-timeline-block-child swiper-slide\"><div class=\"timeline-content icon-false \"><div class=\"timeline-block-timeline ctl-row  position-left\"><div class=\"ctl-6 timeline-block-time\"><div class=\"story-time\"><p><strong>2025<\/strong><\/p><\/div><\/div><div class=\"timeline-block-icon\"><svg stroke=\"currentColor\" fill=\"currentColor\" stroke-width=\"0\" viewBox=\"0 0 512 512\" height=\"1em\" width=\"1em\" xmlns=\"http:\/\/www.w3.org\/2000\/svg\"><path d=\"M256 8C119 8 8 119 8 256s111 248 248 248 248-111 248-248S393 8 256 8z\"><\/path><\/svg><\/div><div class=\"ctl-6 timeline-block-detail\"><div class=\"story-details\"><div class=\"story-content\">\n<h3 class=\"wp-block-heading ctlb-block-title\" style=\"padding-top:0px;padding-right:0px;padding-bottom:0px;padding-left:0px\">Start der Kampagne <a href=\"https:\/\/noplasticfilter.org\/de\/tag-ohne-kippen-no-butts-day\/\">No Butts Day Nr. 7<\/a>, <a href=\"https:\/\/noplasticfilter.org\/de\/monitoring\/\">europ\u00e4isches Monitoring<\/a>, politische Entscheidungstr\u00e4ger:innen in Europa und bei den Vereinten Nationen informieren<\/h3>\n<\/div><\/div><\/div><\/div><\/div><\/div>\n\n\n\n<div class=\"wp-block-cp-timeline-content-timeline-block-child swiper-slide\"><div class=\"timeline-content icon-false \"><div class=\"timeline-block-timeline ctl-row  position-right\"><div class=\"ctl-6 timeline-block-time\"><div class=\"story-time\"><p><strong>2026<\/strong><\/p><\/div><\/div><div class=\"timeline-block-icon\"><svg stroke=\"currentColor\" fill=\"currentColor\" stroke-width=\"0\" viewBox=\"0 0 512 512\" height=\"1em\" width=\"1em\" xmlns=\"http:\/\/www.w3.org\/2000\/svg\"><path d=\"M256 8C119 8 8 119 8 256s111 248 248 248 248-111 248-248S393 8 256 8z\"><\/path><\/svg><\/div><div class=\"ctl-6 timeline-block-detail\"><div class=\"story-details\"><div class=\"story-content\">\n<h3 class=\"wp-block-heading ctlb-block-title\" style=\"padding-top:0px;padding-right:0px;padding-bottom:0px;padding-left:0px\"><a href=\"https:\/\/noplasticfilter.org\/de\/tag-ohne-kippen-no-butts-day\/\">No Butts Day Nr. 8<\/a>, <a href=\"https:\/\/noplasticfilter.org\/de\/monitoring\/\">internationales Monitoring<\/a>, politische Entscheidungstr\u00e4ger:innen in Europa und bei den Vereinten Nationen informieren, Manifeste f\u00fcr Unternehmen und Regierungen erstellen<\/h3>\n<\/div><\/div><\/div><\/div><\/div><\/div>\n<\/div><\/div><\/div><\/div>\n\n\n\n<div class=\"wp-block-buttons is-content-justification-center is-layout-flex wp-container-core-buttons-is-layout-5590e8cb wp-block-buttons-is-layout-flex\">\n<div class=\"wp-block-button is-style-outline is-style-outline--1\"><a class=\"wp-block-button__link has-button-secondary-color has-text-color has-link-color wp-element-button\">Schreib uns eine E-Mail<\/a><\/div>\n<\/div>\n\n\n\n<div aria-hidden=\"true\" class=\"wp-block-fsb-flexible-spacer fsb-flexible-spacer\"><div class=\"fsb-flexible-spacer__device fsb-flexible-spacer__device--lg\" style=\"height:100px\"><\/div><div class=\"fsb-flexible-spacer__device fsb-flexible-spacer__device--md\" style=\"height:100px\"><\/div><div class=\"fsb-flexible-spacer__device fsb-flexible-spacer__device--sm\" style=\"height:35px\"><\/div><\/div>\n<\/div>\n<\/div>\n\n\n\n<div class=\"wp-block-columns is-layout-flex wp-container-core-columns-is-layout-9d6595d7 wp-block-columns-is-layout-flex\">\n<div class=\"wp-block-column is-vertically-aligned-center is-layout-flow wp-block-column-is-layout-flow\">\n<h2 class=\"wp-block-heading\"><strong>Wer steckt hinter dieser Kampagne?<\/strong><\/h2>\n\n\n\n<p>Die No Plastic Filter-Kampagne ist eine Initiative der in den Niederlanden ans\u00e4ssigen Nichtregierungsorganisation <a href=\"https:\/\/fairresourcefoundation.org\/en\/\">Fair Resource Foundation<\/a>.<\/p>\n\n\n\n<p>Fair Resource Foundation is part of the Dutch Plastic Cigarette Butt Collective (<a href=\"https:\/\/plasticpeukencollectief.nl\/\"><em>Plastic Peuken Collectief<\/em><\/a>), a group of NGOs and volunteers which runs a similar campaign in the Netherlands. Members: North Sea Foundation, Het Peukenmeisje, GoClean, Zwerfie Rotterdam and Plandelman.<\/p>\n<\/div>\n\n\n\n<div class=\"wp-block-column is-vertically-aligned-center is-layout-flow wp-block-column-is-layout-flow\"><div class=\"wp-block-image\">\n<figure class=\"aligncenter size-large is-resized\"><a href=\"https:\/\/fairresourcefoundation.org\/\" target=\"_blank\" rel=\" noreferrer noopener\"><img loading=\"lazy\" decoding=\"async\" width=\"1024\" height=\"454\" src=\"https:\/\/noplasticfilter.org\/wp-content\/uploads\/2025\/03\/Primair-Logo-Ruimte-1024x454.png\" alt=\"Fair Resource Foundation\" class=\"wp-image-1426\" style=\"width:206px;height:auto\" srcset=\"https:\/\/noplasticfilter.org\/wp-content\/uploads\/2025\/03\/Primair-Logo-Ruimte-1024x454.png 1024w, https:\/\/noplasticfilter.org\/wp-content\/uploads\/2025\/03\/Primair-Logo-Ruimte-300x133.png 300w, https:\/\/noplasticfilter.org\/wp-content\/uploads\/2025\/03\/Primair-Logo-Ruimte-768x341.png 768w, https:\/\/noplasticfilter.org\/wp-content\/uploads\/2025\/03\/Primair-Logo-Ruimte.png 1281w\" sizes=\"auto, (max-width: 1024px) 100vw, 1024px\" \/><\/a><\/figure>\n<\/div><\/div>\n<\/div>\n\n\n\n<div class=\"wp-block-columns is-layout-flex wp-container-core-columns-is-layout-9d6595d7 wp-block-columns-is-layout-flex\">\n<div class=\"wp-block-column is-layout-flow wp-block-column-is-layout-flow\">\n<div aria-hidden=\"true\" class=\"wp-block-fsb-flexible-spacer fsb-flexible-spacer\"><div class=\"fsb-flexible-spacer__device fsb-flexible-spacer__device--lg\" style=\"height:100px\"><\/div><div class=\"fsb-flexible-spacer__device fsb-flexible-spacer__device--md\" style=\"height:100px\"><\/div><div class=\"fsb-flexible-spacer__device fsb-flexible-spacer__device--sm\" style=\"height:35px\"><\/div><\/div>\n\n\n\n<h2 class=\"wp-block-heading has-text-align-center\">Diese Kampagne wurde realisiert von:<\/h2>\n<\/div>\n<\/div>\n\n\n\n<div class=\"wp-block-columns is-layout-flex wp-container-core-columns-is-layout-9d6595d7 wp-block-columns-is-layout-flex\">\n<div class=\"wp-block-column is-layout-flow wp-block-column-is-layout-flow\" style=\"flex-basis:50%\"><div class=\"wp-block-image\">\n<figure class=\"alignright size-full is-resized\"><a href=\"https:\/\/stichtinglamerisfoundation.nl\/\" target=\"_blank\" rel=\" noreferrer noopener\"><img loading=\"lazy\" decoding=\"async\" width=\"264\" height=\"191\" src=\"https:\/\/noplasticfilter.org\/wp-content\/uploads\/2025\/05\/Logo-Lameris-Foundation.png\" alt=\"Lam&#xE9;ris Foundation\" class=\"wp-image-1991\" style=\"width:253px;height:auto\"\/><\/a><\/figure>\n<\/div><\/div>\n\n\n\n<div class=\"wp-block-column is-vertically-aligned-center is-layout-flow wp-block-column-is-layout-flow\" style=\"flex-basis:50%\"><div class=\"wp-block-image\">\n<figure class=\"alignleft size-large is-resized\"><a href=\"https:\/\/spronckfoundation.org\/\" target=\"_blank\" rel=\" noreferrer noopener\"><img loading=\"lazy\" decoding=\"async\" width=\"1024\" height=\"356\" src=\"https:\/\/noplasticfilter.org\/wp-content\/uploads\/2025\/05\/Logo-Spronck-Foundation-1024x356.png\" alt=\"Spronck Foundation\" class=\"wp-image-1986\" style=\"width:248px;height:auto\" srcset=\"https:\/\/noplasticfilter.org\/wp-content\/uploads\/2025\/05\/Logo-Spronck-Foundation-1024x356.png 1024w, https:\/\/noplasticfilter.org\/wp-content\/uploads\/2025\/05\/Logo-Spronck-Foundation-300x104.png 300w, https:\/\/noplasticfilter.org\/wp-content\/uploads\/2025\/05\/Logo-Spronck-Foundation-768x267.png 768w, https:\/\/noplasticfilter.org\/wp-content\/uploads\/2025\/05\/Logo-Spronck-Foundation-1536x534.png 1536w, https:\/\/noplasticfilter.org\/wp-content\/uploads\/2025\/05\/Logo-Spronck-Foundation.png 1560w\" sizes=\"auto, (max-width: 1024px) 100vw, 1024px\" \/><\/a><\/figure>\n<\/div><\/div>\n<\/div>\n\n<\/div>\n         <\/div>\n      <\/div>\n   <\/div>\n<\/div>","protected":false},"excerpt":{"rendered":"","protected":false},"author":2,"featured_media":4101,"parent":0,"menu_order":0,"comment_status":"closed","ping_status":"closed","template":"","meta":{"_acf_changed":false,"footnotes":""},"class_list":["post-8193","page","type-page","status-publish","has-post-thumbnail","hentry"],"acf":[],"yoast_head":"<!-- This site is optimized with the Yoast SEO plugin v25.9 - https:\/\/yoast.com\/wordpress\/plugins\/seo\/ -->\n<title>Kampagne - No (Plastic) Filter<\/title>\n<meta name=\"robots\" content=\"index, follow, max-snippet:-1, max-image-preview:large, max-video-preview:-1\" \/>\n<link rel=\"canonical\" href=\"https:\/\/noplasticfilter.org\/de\/kampagne-2\/\" \/>\n<meta property=\"og:locale\" content=\"de_DE\" \/>\n<meta property=\"og:type\" content=\"article\" \/>\n<meta property=\"og:title\" content=\"Kampagne - No (Plastic) Filter\" \/>\n<meta property=\"og:url\" content=\"https:\/\/noplasticfilter.org\/de\/kampagne-2\/\" \/>\n<meta property=\"og:site_name\" content=\"No (Plastic) Filter\" \/>\n<meta property=\"og:image\" content=\"https:\/\/noplasticfilter.org\/wp-content\/uploads\/2025\/07\/Logo-Vierkant-Teal-1024x666.png\" \/>\n<meta name=\"twitter:card\" content=\"summary_large_image\" \/>\n<meta name=\"twitter:label1\" content=\"Gesch\u00e4tzte Lesezeit\" \/>\n\t<meta name=\"twitter:data1\" content=\"3\u00a0Minuten\" \/>\n<script type=\"application\/ld+json\" class=\"yoast-schema-graph\">{\"@context\":\"https:\/\/schema.org\",\"@graph\":[{\"@type\":\"WebPage\",\"@id\":\"https:\/\/noplasticfilter.org\/de\/kampagne-2\/\",\"url\":\"https:\/\/noplasticfilter.org\/de\/kampagne-2\/\",\"name\":\"Kampagne - No (Plastic) Filter\",\"isPartOf\":{\"@id\":\"https:\/\/noplasticfilter.org\/de\/#website\"},\"primaryImageOfPage\":{\"@id\":\"https:\/\/noplasticfilter.org\/de\/kampagne-2\/#primaryimage\"},\"image\":{\"@id\":\"https:\/\/noplasticfilter.org\/de\/kampagne-2\/#primaryimage\"},\"thumbnailUrl\":\"https:\/\/noplasticfilter.org\/wp-content\/uploads\/2024\/11\/fbad8e74910682adaac44e85e5f93e10.png\",\"datePublished\":\"2026-03-02T08:41:14+00:00\",\"breadcrumb\":{\"@id\":\"https:\/\/noplasticfilter.org\/de\/kampagne-2\/#breadcrumb\"},\"inLanguage\":\"de\",\"potentialAction\":[{\"@type\":\"ReadAction\",\"target\":[\"https:\/\/noplasticfilter.org\/de\/kampagne-2\/\"]}]},{\"@type\":\"ImageObject\",\"inLanguage\":\"de\",\"@id\":\"https:\/\/noplasticfilter.org\/de\/kampagne-2\/#primaryimage\",\"url\":\"https:\/\/noplasticfilter.org\/wp-content\/uploads\/2024\/11\/fbad8e74910682adaac44e85e5f93e10.png\",\"contentUrl\":\"https:\/\/noplasticfilter.org\/wp-content\/uploads\/2024\/11\/fbad8e74910682adaac44e85e5f93e10.png\",\"width\":1920,\"height\":1135},{\"@type\":\"BreadcrumbList\",\"@id\":\"https:\/\/noplasticfilter.org\/de\/kampagne-2\/#breadcrumb\",\"itemListElement\":[{\"@type\":\"ListItem\",\"position\":1,\"name\":\"Home\",\"item\":\"https:\/\/noplasticfilter.org\/de\/startseite\/\"},{\"@type\":\"ListItem\",\"position\":2,\"name\":\"Kampagne\"}]},{\"@type\":\"WebSite\",\"@id\":\"https:\/\/noplasticfilter.org\/de\/#website\",\"url\":\"https:\/\/noplasticfilter.org\/de\/\",\"name\":\"No (Plastic) Filter\",\"description\":\"Cigarette filters are polluting and unnecessary. That&#039;s why people and organisations worldwide call on policymakers to ban cigarette filters now. Sign to join our mission!\",\"potentialAction\":[{\"@type\":\"SearchAction\",\"target\":{\"@type\":\"EntryPoint\",\"urlTemplate\":\"https:\/\/noplasticfilter.org\/de\/?s={search_term_string}\"},\"query-input\":{\"@type\":\"PropertyValueSpecification\",\"valueRequired\":true,\"valueName\":\"search_term_string\"}}],\"inLanguage\":\"de\"}]}<\/script>\n<!-- \/ Yoast SEO plugin. -->","yoast_head_json":{"title":"Kampagne - No (Plastic) Filter","robots":{"index":"index","follow":"follow","max-snippet":"max-snippet:-1","max-image-preview":"max-image-preview:large","max-video-preview":"max-video-preview:-1"},"canonical":"https:\/\/noplasticfilter.org\/de\/kampagne-2\/","og_locale":"de_DE","og_type":"article","og_title":"Kampagne - No (Plastic) Filter","og_url":"https:\/\/noplasticfilter.org\/de\/kampagne-2\/","og_site_name":"No (Plastic) Filter","og_image":[{"url":"https:\/\/noplasticfilter.org\/wp-content\/uploads\/2025\/07\/Logo-Vierkant-Teal-1024x666.png","type":"","width":"","height":""}],"twitter_card":"summary_large_image","twitter_misc":{"Gesch\u00e4tzte Lesezeit":"3\u00a0Minuten"},"schema":{"@context":"https:\/\/schema.org","@graph":[{"@type":"WebPage","@id":"https:\/\/noplasticfilter.org\/de\/kampagne-2\/","url":"https:\/\/noplasticfilter.org\/de\/kampagne-2\/","name":"Kampagne - No (Plastic) Filter","isPartOf":{"@id":"https:\/\/noplasticfilter.org\/de\/#website"},"primaryImageOfPage":{"@id":"https:\/\/noplasticfilter.org\/de\/kampagne-2\/#primaryimage"},"image":{"@id":"https:\/\/noplasticfilter.org\/de\/kampagne-2\/#primaryimage"},"thumbnailUrl":"https:\/\/noplasticfilter.org\/wp-content\/uploads\/2024\/11\/fbad8e74910682adaac44e85e5f93e10.png","datePublished":"2026-03-02T08:41:14+00:00","breadcrumb":{"@id":"https:\/\/noplasticfilter.org\/de\/kampagne-2\/#breadcrumb"},"inLanguage":"de","potentialAction":[{"@type":"ReadAction","target":["https:\/\/noplasticfilter.org\/de\/kampagne-2\/"]}]},{"@type":"ImageObject","inLanguage":"de","@id":"https:\/\/noplasticfilter.org\/de\/kampagne-2\/#primaryimage","url":"https:\/\/noplasticfilter.org\/wp-content\/uploads\/2024\/11\/fbad8e74910682adaac44e85e5f93e10.png","contentUrl":"https:\/\/noplasticfilter.org\/wp-content\/uploads\/2024\/11\/fbad8e74910682adaac44e85e5f93e10.png","width":1920,"height":1135},{"@type":"BreadcrumbList","@id":"https:\/\/noplasticfilter.org\/de\/kampagne-2\/#breadcrumb","itemListElement":[{"@type":"ListItem","position":1,"name":"Home","item":"https:\/\/noplasticfilter.org\/de\/startseite\/"},{"@type":"ListItem","position":2,"name":"Kampagne"}]},{"@type":"WebSite","@id":"https:\/\/noplasticfilter.org\/de\/#website","url":"https:\/\/noplasticfilter.org\/de\/","name":"No (Plastic) Filter","description":"Cigarette filters are polluting and unnecessary. That&#039;s why people and organisations worldwide call on policymakers to ban cigarette filters now. Sign to join our mission!","potentialAction":[{"@type":"SearchAction","target":{"@type":"EntryPoint","urlTemplate":"https:\/\/noplasticfilter.org\/de\/?s={search_term_string}"},"query-input":{"@type":"PropertyValueSpecification","valueRequired":true,"valueName":"search_term_string"}}],"inLanguage":"de"}]}},"_links":{"self":[{"href":"https:\/\/noplasticfilter.org\/de\/wp-json\/wp\/v2\/pages\/8193","targetHints":{"allow":["GET"]}}],"collection":[{"href":"https:\/\/noplasticfilter.org\/de\/wp-json\/wp\/v2\/pages"}],"about":[{"href":"https:\/\/noplasticfilter.org\/de\/wp-json\/wp\/v2\/types\/page"}],"author":[{"embeddable":true,"href":"https:\/\/noplasticfilter.org\/de\/wp-json\/wp\/v2\/users\/2"}],"replies":[{"embeddable":true,"href":"https:\/\/noplasticfilter.org\/de\/wp-json\/wp\/v2\/comments?post=8193"}],"version-history":[{"count":1,"href":"https:\/\/noplasticfilter.org\/de\/wp-json\/wp\/v2\/pages\/8193\/revisions"}],"predecessor-version":[{"id":8194,"href":"https:\/\/noplasticfilter.org\/de\/wp-json\/wp\/v2\/pages\/8193\/revisions\/8194"}],"wp:featuredmedia":[{"embeddable":true,"href":"https:\/\/noplasticfilter.org\/de\/wp-json\/wp\/v2\/media\/4101"}],"wp:attachment":[{"href":"https:\/\/noplasticfilter.org\/de\/wp-json\/wp\/v2\/media?parent=8193"}],"curies":[{"name":"wp","href":"https:\/\/api.w.org\/{rel}","templated":true}]}}