{"id":4278,"date":"2025-05-09T12:56:22","date_gmt":"2025-05-09T10:56:22","guid":{"rendered":"https:\/\/noplasticfilter.org\/kampagne\/"},"modified":"2025-06-14T18:37:57","modified_gmt":"2025-06-14T16:37:57","slug":"kampagne","status":"publish","type":"page","link":"https:\/\/noplasticfilter.org\/de\/kampagne\/","title":{"rendered":"Kampagne"},"content":{"rendered":"\n<p><\/p>\n\n<div class=\"wp-block-columns is-layout-flex wp-container-core-columns-is-layout-9d6595d7 wp-block-columns-is-layout-flex\">\n<div class=\"wp-block-column is-layout-flow wp-block-column-is-layout-flow\">\n<h2 class=\"wp-block-heading has-text-align-center\">Von der Unterst\u00fctzung zur Gesetzgebung<\/h2>\n\n\n\n<p class=\"has-text-align-center\">Immer mehr Menschen und Organisationen machen sich Gedanken \u00fcber die Verschmutzung durch Zigarettenfilter aus Plastik. Vielen ist klar, dass Sensibilisierungskampagnen und S\u00e4uberungsaktionen allein das Problem nicht l\u00f6sen k\u00f6nnen. Die No Plastic Filter-Kampagne vereint die weltweite Bewegung, die Ma\u00dfnahmen an der Quelle fordert: die vollst\u00e4ndige Abschaffung von Zigarettenfiltern aus Plastik. Mit internationaler Unterst\u00fctzung fordert die Kampagne Politiker und Entscheidungstr\u00e4ger auf der ganzen Welt auf, ein Verbot durchzusetzen.   <\/p>\n\n\n\n<div aria-hidden=\"true\" class=\"wp-block-fsb-flexible-spacer fsb-flexible-spacer\"><div class=\"fsb-flexible-spacer__device fsb-flexible-spacer__device--lg\" style=\"height:50px\"><\/div><div class=\"fsb-flexible-spacer__device fsb-flexible-spacer__device--md\" style=\"height:50px\"><\/div><div class=\"fsb-flexible-spacer__device fsb-flexible-spacer__device--sm\" style=\"height:35px\"><\/div><\/div>\n<\/div>\n<\/div>\n\n<div class=\"wp-block-columns is-layout-flex wp-container-core-columns-is-layout-9d6595d7 wp-block-columns-is-layout-flex\">\n<div class=\"wp-block-column is-layout-flow wp-block-column-is-layout-flow\">\n<h3 class=\"wp-block-heading\"><strong>Dein Beitrag ist wichtig<\/strong><\/h3>\n\n\n\n<p>Wir k\u00f6nnen unser Ziel nur mit Deiner Unterst\u00fctzung f\u00fcr den Aufruf erreichen. Eure gemeinsame Unterst\u00fctzung, als Personen und Organisationen\/Initiativen, wird jetzt gebraucht: <\/p>\n\n\n\n<ol class=\"wp-block-list\">\n<li>Mit Hilfe der Weltkarte und einer \u00dcbersicht der unterst\u00fctzenden Organisationen eine <a href=\"https:\/\/noplasticfilter.org\/de\/unterstuetzer\/\">sichtbare Unterst\u00fctzerbasis<\/a> auf dieser Plattform aufbauen,<\/li>\n\n\n\n<li>Mehr Menschen und Organisationen\/Initiativen \u00fcberzeugen, <a href=\"https:\/\/noplasticfilter.org\/de\/kampagne\/#overlay-single\">den Aufruf zu unterst\u00fctzen<\/a><\/li>\n\n\n\n<li>Verst\u00e4rkung unserer Lobbyarbeit gegen\u00fcber (inter)nationalen Politikern und Regierungen<\/li>\n<\/ol>\n<\/div>\n\n\n\n<div class=\"wp-block-column is-layout-flow wp-block-column-is-layout-flow\">\n<h3 class=\"wp-block-heading\"><strong>Strategie zur Erreichung unserer Ziele <\/strong><\/h3>\n\n\n\n<ol class=\"wp-block-list\">\n<li>Die weltweite Bewegung f\u00fcr unsere Forderung durch (Online-)Kommunikation ausbauen und vernetzen und gemeinsame Aktionen wie dem \u201eNo Butts Day\u201c und der \u00dcberwachung von Zigarettenfiltern durchf\u00fchren<\/li>\n\n\n\n<li>Wissensaustausch und Sensibilisierung<\/li>\n\n\n\n<li>Erstellung von Manifesten mit Unternehmen, Wissenschaftlern und (lokalen) Regierungsvertreter:innen<\/li>\n\n\n\n<li>Politiker:innen und Regierungsvertreter:innen bei der Umsetzung des Verbots unterst\u00fctzen<\/li>\n<\/ol>\n<\/div>\n<\/div>\n\n<div class=\"wp-block-columns is-layout-flex wp-container-core-columns-is-layout-9d6595d7 wp-block-columns-is-layout-flex\">\n<div class=\"wp-block-column is-layout-flow wp-block-column-is-layout-flow\">\n<h3 class=\"wp-block-heading\"><strong>Gesetzgeberische M\u00f6glichkeiten<\/strong><\/h3>\n\n\n\n<div style=\"height:30px\" aria-hidden=\"true\" class=\"wp-block-spacer\"><\/div>\n\n\n\n<div class=\"wp-block-group is-nowrap is-layout-flex wp-container-core-group-is-layout-ad2f72ca wp-block-group-is-layout-flex\">\n<figure class=\"wp-block-image size-full is-resized\"><img loading=\"lazy\" decoding=\"async\" width=\"512\" height=\"512\" src=\"https:\/\/noplasticfilter.org\/wp-content\/uploads\/2025\/06\/world-1.png\" alt=\"\" class=\"wp-image-4214\" style=\"width:31px;height:auto\" srcset=\"https:\/\/noplasticfilter.org\/wp-content\/uploads\/2025\/06\/world-1.png 512w, https:\/\/noplasticfilter.org\/wp-content\/uploads\/2025\/06\/world-1-300x300.png 300w, https:\/\/noplasticfilter.org\/wp-content\/uploads\/2025\/06\/world-1-150x150.png 150w\" sizes=\"auto, (max-width: 512px) 100vw, 512px\" \/><\/figure>\n\n\n\n<p><strong>Europa: Einwegkunststoff-Richtlinie (SUPD) <\/strong><\/p>\n<\/div>\n\n\n\n<p>In den Jahren 2025-2026 wird die Europ\u00e4ische Union die Einwegkunststoff-Richtlinie (SUPD) evaluieren. Andere Einwegplastikartikel, die in gro\u00dfen Mengen in den M\u00fcll gelangen, wurden bereits verboten. Warum sollten nicht auch Zigarettenfilter aus Kunststoff auf die Liste gesetzt werden? Die \u00f6ffentliche Konsultation wird voraussichtlich im vierten Quartal 2025 er\u00f6ffnet. Die SUPD ist unser Hauptanliegen: Jetzt ist die Gelegenheit gro\u00df!     <\/p>\n\n\n\n<div class=\"wp-block-group is-nowrap is-layout-flex wp-container-core-group-is-layout-ad2f72ca wp-block-group-is-layout-flex\">\n<figure class=\"wp-block-image size-full is-resized\"><img loading=\"lazy\" decoding=\"async\" width=\"512\" height=\"512\" src=\"https:\/\/noplasticfilter.org\/wp-content\/uploads\/2025\/06\/circle.png\" alt=\"\" class=\"wp-image-4224\" style=\"width:31px;height:auto\" srcset=\"https:\/\/noplasticfilter.org\/wp-content\/uploads\/2025\/06\/circle.png 512w, https:\/\/noplasticfilter.org\/wp-content\/uploads\/2025\/06\/circle-300x300.png 300w, https:\/\/noplasticfilter.org\/wp-content\/uploads\/2025\/06\/circle-150x150.png 150w\" sizes=\"auto, (max-width: 512px) 100vw, 512px\" \/><\/figure>\n\n\n\n<p><strong><strong>Vereinte Nationen: Globales Kunststoffabkommen<\/strong> <\/strong><\/p>\n<\/div>\n\n\n\n<p>Die Vereinten Nationen verhandeln derzeit \u00fcber das Globale Kunststoffabkommen (Global Plastics Treaty, GPT), eine rechtsverbindliche Verpflichtung zur Verringerung der Auswirkungen von Kunststoffen, von der Gewinnung bis zum Ende der Lebensdauer. Ein Verbot von Zigarettenfiltern aus Kunststoff im Rahmen des GPT w\u00fcrde bedeuten, dass die Welt fast v\u00f6llig frei von toxischer Filterverschmutzung w\u00e4re! <\/p>\n<\/div>\n\n\n\n<div class=\"wp-block-column is-layout-flow wp-block-column-is-layout-flow\">\n<h3 class=\"wp-block-heading\"><\/h3>\n\n\n\n<div class=\"wp-block-group is-nowrap is-layout-flex wp-container-core-group-is-layout-ad2f72ca wp-block-group-is-layout-flex\">\n<figure class=\"wp-block-image size-full is-resized\"><img loading=\"lazy\" decoding=\"async\" width=\"512\" height=\"512\" src=\"https:\/\/noplasticfilter.org\/wp-content\/uploads\/2025\/06\/netherlands.png\" alt=\"\" class=\"wp-image-4219\" style=\"width:31px;height:auto\" srcset=\"https:\/\/noplasticfilter.org\/wp-content\/uploads\/2025\/06\/netherlands.png 512w, https:\/\/noplasticfilter.org\/wp-content\/uploads\/2025\/06\/netherlands-300x300.png 300w, https:\/\/noplasticfilter.org\/wp-content\/uploads\/2025\/06\/netherlands-150x150.png 150w\" sizes=\"auto, (max-width: 512px) 100vw, 512px\" \/><\/figure>\n\n\n\n<p><strong>National: Niederlande<\/strong><\/p>\n<\/div>\n\n\n\n<p>Im Anschluss an die Kampagne des niederl\u00e4ndischen Zigarettenstummelkollektivs (Plastic Peuken Collectief) stimmte das Parlament f\u00fcr ein nationales Verbot von Zigarettenfiltern aus Kunststoff im Jahr 2024, was die Regierung veranlasste, die rechtlichen und technischen M\u00f6glichkeiten f\u00fcr ein solches Verbot zu untersuchen. Die Ergebnisse einer zweiten Studie werden bis Ende 2025 erwartet. Der Umweltminister hat au\u00dferdem zugesagt, ein Verbot von Zigarettenfiltern auf die Tagesordnung zu setzen, wenn Europa seine Richtlinie \u00fcber Einwegkunststoffe \u00fcberpr\u00fcft.  <\/p>\n\n\n\n<p>Kennst Du eine andere M\u00f6glichkeit, ein Verbot zu erlassen? <a href=\"mailto:info@noplasticfilter.org\">Lass es uns wissen<\/a>!<\/p>\n<\/div>\n<\/div>\n\n<div aria-hidden=\"true\" class=\"wp-block-fsb-flexible-spacer fsb-flexible-spacer\"><div class=\"fsb-flexible-spacer__device fsb-flexible-spacer__device--lg\" style=\"height:100px\"><\/div><div class=\"fsb-flexible-spacer__device fsb-flexible-spacer__device--md\" style=\"height:100px\"><\/div><div class=\"fsb-flexible-spacer__device fsb-flexible-spacer__device--sm\" style=\"height:35px\"><\/div><\/div>\n\n<div class=\"wp-block-columns is-layout-flex wp-container-core-columns-is-layout-9d6595d7 wp-block-columns-is-layout-flex\">\n<div class=\"wp-block-column is-layout-flow wp-block-column-is-layout-flow\">\n<h2 class=\"wp-block-heading has-text-align-center\">Zeitplan<\/h2>\n<\/div>\n<\/div>\n\n<div class=\"wp-block-cp-timeline-content-timeline-block Cool-Content-Timeline\"><div class=\"cool-timeline-block-2c0d70bb-3dba-4b86-ac29-560d425266dd\"><style>.cool-timeline-block-2c0d70bb-3dba-4b86-ac29-560d425266dd .cool-vertical-timeline-body{--ctlb-icon-color: #176765;--ctlb-line-color: #176765;--ctlb-icon-bg: #176765;--ctlb-story-border-color: #176765;}<\/style><div class=\"cool-vertical-timeline-body ctlb-wrapper both-sided right\"><div class=\"cool-timeline-block-list\">\n<div class=\"wp-block-cp-timeline-content-timeline-block-child swiper-slide\"><div class=\"timeline-content icon-false \"><div class=\"timeline-block-timeline ctl-row  position-right\"><div class=\"ctl-6 timeline-block-time\"><div class=\"story-time\"><p><strong>Continuous:<\/strong><\/p><\/div><\/div><div class=\"timeline-block-icon\"><svg stroke=\"currentColor\" fill=\"currentColor\" stroke-width=\"0\" viewBox=\"0 0 512 512\" height=\"1em\" width=\"1em\" xmlns=\"http:\/\/www.w3.org\/2000\/svg\"><path d=\"M256 8C119 8 8 119 8 256s111 248 248 248 248-111 248-248S393 8 256 8z\"><\/path><\/svg><\/div><div class=\"ctl-6 timeline-block-detail\"><div class=\"story-details\"><div class=\"story-content\">\n<ul class=\"wp-block-list\">\n<li>Austausch wissenschaftlicher Erkenntnisse \u00fcber das Ausma\u00df und die Folgen der Verschmutzung <\/li>\n\n\n\n<li>Globale Unterst\u00fctzung auf dieser Website zusammentragen<\/li>\n\n\n\n<li>Unterst\u00fctzung weltweit generieren<\/li>\n\n\n\n<li>Politiker:innen und Entscheidungstr\u00e4ger:innen informieren<\/li>\n\n\n\n<li>den Unterst\u00fctzern geeignete Mittel an die Hand geben, um ihre Politiker und politischen Entscheidungstr\u00e4ger zu informieren<\/li>\n<\/ul>\n<\/div><\/div><\/div><\/div><\/div><\/div>\n\n\n\n<div class=\"wp-block-cp-timeline-content-timeline-block-child swiper-slide\"><div class=\"timeline-content icon-false \"><div class=\"timeline-block-timeline ctl-row  position-left\"><div class=\"ctl-6 timeline-block-time\"><div class=\"story-time\"><p><strong>2025<\/strong><\/p><\/div><\/div><div class=\"timeline-block-icon\"><svg stroke=\"currentColor\" fill=\"currentColor\" stroke-width=\"0\" viewBox=\"0 0 512 512\" height=\"1em\" width=\"1em\" xmlns=\"http:\/\/www.w3.org\/2000\/svg\"><path d=\"M256 8C119 8 8 119 8 256s111 248 248 248 248-111 248-248S393 8 256 8z\"><\/path><\/svg><\/div><div class=\"ctl-6 timeline-block-detail\"><div class=\"story-details\"><div class=\"story-content\">\n<h3 class=\"wp-block-heading ctlb-block-title\" style=\"padding-top:0px;padding-right:0px;padding-bottom:0px;padding-left:0px\">Start der Kampagne <a href=\"https:\/\/noplasticfilter.org\/de\/tag-ohne-kippen-no-butts-day\/\">No Butts Day Nr. 7<\/a>, <a href=\"https:\/\/noplasticfilter.org\/de\/monitoring\/\">europ\u00e4isches Monitoring<\/a>, politische Entscheidungstr\u00e4ger:innen in Europa und bei den Vereinten Nationen informieren<\/h3>\n<\/div><\/div><\/div><\/div><\/div><\/div>\n\n\n\n<div class=\"wp-block-cp-timeline-content-timeline-block-child swiper-slide\"><div class=\"timeline-content icon-false \"><div class=\"timeline-block-timeline ctl-row  position-right\"><div class=\"ctl-6 timeline-block-time\"><div class=\"story-time\"><p><strong>2026<\/strong><\/p><\/div><\/div><div class=\"timeline-block-icon\"><svg stroke=\"currentColor\" fill=\"currentColor\" stroke-width=\"0\" viewBox=\"0 0 512 512\" height=\"1em\" width=\"1em\" xmlns=\"http:\/\/www.w3.org\/2000\/svg\"><path d=\"M256 8C119 8 8 119 8 256s111 248 248 248 248-111 248-248S393 8 256 8z\"><\/path><\/svg><\/div><div class=\"ctl-6 timeline-block-detail\"><div class=\"story-details\"><div class=\"story-content\">\n<h3 class=\"wp-block-heading ctlb-block-title\" style=\"padding-top:0px;padding-right:0px;padding-bottom:0px;padding-left:0px\"><a href=\"https:\/\/noplasticfilter.org\/de\/tag-ohne-kippen-no-butts-day\/\">No Butts Day Nr. 8<\/a>, <a href=\"https:\/\/noplasticfilter.org\/de\/monitoring\/\">internationales Monitoring<\/a>, politische Entscheidungstr\u00e4ger:innen in Europa und bei den Vereinten Nationen informieren, Manifeste f\u00fcr Unternehmen und Regierungen erstellen<\/h3>\n<\/div><\/div><\/div><\/div><\/div><\/div>\n<\/div><\/div><\/div><\/div>\n\n<div class=\"wp-block-buttons is-content-justification-center is-layout-flex wp-container-core-buttons-is-layout-5590e8cb wp-block-buttons-is-layout-flex\">\n<div class=\"wp-block-button is-style-outline is-style-outline--1\"><a class=\"wp-block-button__link has-button-secondary-color has-text-color has-link-color wp-element-button\">Schreib uns eine E-Mail<\/a><\/div>\n<\/div>\n\n<div aria-hidden=\"true\" class=\"wp-block-fsb-flexible-spacer fsb-flexible-spacer\"><div class=\"fsb-flexible-spacer__device fsb-flexible-spacer__device--lg\" style=\"height:100px\"><\/div><div class=\"fsb-flexible-spacer__device fsb-flexible-spacer__device--md\" style=\"height:100px\"><\/div><div class=\"fsb-flexible-spacer__device fsb-flexible-spacer__device--sm\" style=\"height:35px\"><\/div><\/div>\n\n<div class=\"wp-block-columns is-layout-flex wp-container-core-columns-is-layout-9d6595d7 wp-block-columns-is-layout-flex\">\n<div class=\"wp-block-column is-vertically-aligned-center is-layout-flow wp-block-column-is-layout-flow\">\n<h2 class=\"wp-block-heading\"><strong>Wer steckt hinter dieser Kampagne?<\/strong><\/h2>\n\n\n\n<p>Die No Plastic Filter-Kampagne ist eine Initiative der in den Niederlanden ans\u00e4ssigen Nichtregierungsorganisation <a href=\"https:\/\/fairresourcefoundation.org\/en\/\">Fair Resource Foundation<\/a>.<\/p>\n\n\n\n<p>Die Fair Resource Foundation ist Teil des niederl\u00e4ndischen \u201e<a href=\"https:\/\/plasticpeukencollectief.nl\/\"><em>Plastic Peuken Collectief<\/em><\/a>\u201c, einer Gruppe von Nichtregierungsorganisationen und Freiwilligen, die eine \u00e4hnliche Kampagne in den Niederlanden durchf\u00fchren. Mitglieder: Stichting De Noordzee, Het Peukenmeisje, GoClean, Zwerfie Rotterdam und Plandelman. <\/p>\n<\/div>\n\n\n\n<div class=\"wp-block-column is-vertically-aligned-center is-layout-flow wp-block-column-is-layout-flow\"><div class=\"wp-block-image\">\n<figure class=\"aligncenter size-large is-resized\"><a href=\"https:\/\/fairresourcefoundation.org\/\" target=\"_blank\" rel=\" noreferrer noopener\"><img loading=\"lazy\" decoding=\"async\" width=\"1024\" height=\"454\" src=\"https:\/\/noplasticfilter.org\/wp-content\/uploads\/2025\/03\/Primair-Logo-Ruimte-1024x454.png\" alt=\"Fair Resource Foundation\" class=\"wp-image-1426\" style=\"width:206px;height:auto\" srcset=\"https:\/\/noplasticfilter.org\/wp-content\/uploads\/2025\/03\/Primair-Logo-Ruimte-1024x454.png 1024w, https:\/\/noplasticfilter.org\/wp-content\/uploads\/2025\/03\/Primair-Logo-Ruimte-300x133.png 300w, https:\/\/noplasticfilter.org\/wp-content\/uploads\/2025\/03\/Primair-Logo-Ruimte-768x341.png 768w, https:\/\/noplasticfilter.org\/wp-content\/uploads\/2025\/03\/Primair-Logo-Ruimte.png 1281w\" sizes=\"auto, (max-width: 1024px) 100vw, 1024px\" \/><\/a><\/figure>\n<\/div><\/div>\n<\/div>\n\n<div aria-hidden=\"true\" class=\"wp-block-fsb-flexible-spacer fsb-flexible-spacer\"><div class=\"fsb-flexible-spacer__device fsb-flexible-spacer__device--lg\" style=\"height:100px\"><\/div><div class=\"fsb-flexible-spacer__device fsb-flexible-spacer__device--md\" style=\"height:100px\"><\/div><div class=\"fsb-flexible-spacer__device fsb-flexible-spacer__device--sm\" style=\"height:35px\"><\/div><\/div>\n\n<h2 class=\"wp-block-heading has-text-align-center\">Diese Kampagne wurde realisiert von:<\/h2>\n\n<div class=\"wp-block-columns is-layout-flex wp-container-core-columns-is-layout-9d6595d7 wp-block-columns-is-layout-flex\">\n<div class=\"wp-block-column is-layout-flow wp-block-column-is-layout-flow\" style=\"flex-basis:50%\"><div class=\"wp-block-image\">\n<figure class=\"alignright size-full is-resized\"><a href=\"https:\/\/stichtinglamerisfoundation.nl\/\" target=\"_blank\" rel=\" noreferrer noopener\"><img loading=\"lazy\" decoding=\"async\" width=\"264\" height=\"191\" src=\"https:\/\/noplasticfilter.org\/wp-content\/uploads\/2025\/05\/Logo-Lameris-Foundation.png\" alt=\"Lam&#xE9;ris Foundation\" class=\"wp-image-1991\" style=\"width:253px;height:auto\"\/><\/a><\/figure>\n<\/div><\/div>\n\n\n\n<div class=\"wp-block-column is-vertically-aligned-center is-layout-flow wp-block-column-is-layout-flow\" style=\"flex-basis:50%\"><div class=\"wp-block-image\">\n<figure class=\"alignleft size-large is-resized\"><a href=\"https:\/\/spronckfoundation.org\/\" target=\"_blank\" rel=\" noreferrer noopener\"><img loading=\"lazy\" decoding=\"async\" width=\"1024\" height=\"356\" src=\"https:\/\/noplasticfilter.org\/wp-content\/uploads\/2025\/05\/Logo-Spronck-Foundation-1024x356.png\" alt=\"Spronck Foundation\" class=\"wp-image-1986\" style=\"width:248px;height:auto\" srcset=\"https:\/\/noplasticfilter.org\/wp-content\/uploads\/2025\/05\/Logo-Spronck-Foundation-1024x356.png 1024w, https:\/\/noplasticfilter.org\/wp-content\/uploads\/2025\/05\/Logo-Spronck-Foundation-300x104.png 300w, https:\/\/noplasticfilter.org\/wp-content\/uploads\/2025\/05\/Logo-Spronck-Foundation-768x267.png 768w, https:\/\/noplasticfilter.org\/wp-content\/uploads\/2025\/05\/Logo-Spronck-Foundation-1536x534.png 1536w, https:\/\/noplasticfilter.org\/wp-content\/uploads\/2025\/05\/Logo-Spronck-Foundation.png 1560w\" sizes=\"auto, (max-width: 1024px) 100vw, 1024px\" \/><\/a><\/figure>\n<\/div><\/div>\n<\/div>\n","protected":false},"excerpt":{"rendered":"<p>Von der Unterst\u00fctzung zur Gesetzgebung Immer mehr Menschen und Organisationen machen sich Gedanken \u00fcber die Verschmutzung durch Zigarettenfilter aus Plastik. Vielen ist klar, dass Sensibilisierungskampagnen und S\u00e4uberungsaktionen allein das Problem nicht l\u00f6sen k\u00f6nnen. Die No Plastic Filter-Kampagne vereint die weltweite Bewegung, die Ma\u00dfnahmen an der Quelle fordert: die vollst\u00e4ndige Abschaffung von Zigarettenfiltern aus Plastik. Mit<\/p>\n","protected":false},"author":1,"featured_media":4101,"parent":0,"menu_order":0,"comment_status":"closed","ping_status":"closed","template":"","meta":{"_acf_changed":false,"footnotes":""},"class_list":["post-4278","page","type-page","status-publish","has-post-thumbnail","hentry"],"acf":[],"yoast_head":"<!-- This site is optimized with the Yoast SEO plugin v25.9 - https:\/\/yoast.com\/wordpress\/plugins\/seo\/ -->\n<title>Kampagne - No (Plastic) Filter<\/title>\n<meta name=\"robots\" content=\"index, follow, max-snippet:-1, max-image-preview:large, max-video-preview:-1\" \/>\n<link rel=\"canonical\" href=\"https:\/\/noplasticfilter.org\/de\/kampagne\/\" \/>\n<meta property=\"og:locale\" content=\"de_DE\" \/>\n<meta property=\"og:type\" content=\"article\" \/>\n<meta property=\"og:title\" content=\"Kampagne - No (Plastic) Filter\" \/>\n<meta property=\"og:description\" content=\"Von der Unterst\u00fctzung zur Gesetzgebung Immer mehr Menschen und Organisationen machen sich Gedanken \u00fcber die Verschmutzung durch Zigarettenfilter aus Plastik. Vielen ist klar, dass Sensibilisierungskampagnen und S\u00e4uberungsaktionen allein das Problem nicht l\u00f6sen k\u00f6nnen. Die No Plastic Filter-Kampagne vereint die weltweite Bewegung, die Ma\u00dfnahmen an der Quelle fordert: die vollst\u00e4ndige Abschaffung von Zigarettenfiltern aus Plastik. Mit\" \/>\n<meta property=\"og:url\" content=\"https:\/\/noplasticfilter.org\/de\/kampagne\/\" \/>\n<meta property=\"og:site_name\" content=\"No (Plastic) Filter\" \/>\n<meta property=\"article:modified_time\" content=\"2025-06-14T16:37:57+00:00\" \/>\n<meta property=\"og:image\" content=\"https:\/\/noplasticfilter.org\/wp-content\/uploads\/2024\/11\/fbad8e74910682adaac44e85e5f93e10-1024x605.png\" \/>\n\t<meta property=\"og:image:width\" content=\"1024\" \/>\n\t<meta property=\"og:image:height\" content=\"605\" \/>\n\t<meta property=\"og:image:type\" content=\"image\/png\" \/>\n<meta name=\"twitter:card\" content=\"summary_large_image\" \/>\n<meta name=\"twitter:label1\" content=\"Gesch\u00e4tzte Lesezeit\" \/>\n\t<meta name=\"twitter:data1\" content=\"3\u00a0Minuten\" \/>\n<script type=\"application\/ld+json\" class=\"yoast-schema-graph\">{\"@context\":\"https:\/\/schema.org\",\"@graph\":[{\"@type\":\"WebPage\",\"@id\":\"https:\/\/noplasticfilter.org\/de\/kampagne\/\",\"url\":\"https:\/\/noplasticfilter.org\/de\/kampagne\/\",\"name\":\"Kampagne - No (Plastic) Filter\",\"isPartOf\":{\"@id\":\"https:\/\/noplasticfilter.org\/de\/#website\"},\"primaryImageOfPage\":{\"@id\":\"https:\/\/noplasticfilter.org\/de\/kampagne\/#primaryimage\"},\"image\":{\"@id\":\"https:\/\/noplasticfilter.org\/de\/kampagne\/#primaryimage\"},\"thumbnailUrl\":\"https:\/\/noplasticfilter.org\/wp-content\/uploads\/2024\/11\/fbad8e74910682adaac44e85e5f93e10.png\",\"datePublished\":\"2025-05-09T10:56:22+00:00\",\"dateModified\":\"2025-06-14T16:37:57+00:00\",\"breadcrumb\":{\"@id\":\"https:\/\/noplasticfilter.org\/de\/kampagne\/#breadcrumb\"},\"inLanguage\":\"de\",\"potentialAction\":[{\"@type\":\"ReadAction\",\"target\":[\"https:\/\/noplasticfilter.org\/de\/kampagne\/\"]}]},{\"@type\":\"ImageObject\",\"inLanguage\":\"de\",\"@id\":\"https:\/\/noplasticfilter.org\/de\/kampagne\/#primaryimage\",\"url\":\"https:\/\/noplasticfilter.org\/wp-content\/uploads\/2024\/11\/fbad8e74910682adaac44e85e5f93e10.png\",\"contentUrl\":\"https:\/\/noplasticfilter.org\/wp-content\/uploads\/2024\/11\/fbad8e74910682adaac44e85e5f93e10.png\",\"width\":1920,\"height\":1135},{\"@type\":\"BreadcrumbList\",\"@id\":\"https:\/\/noplasticfilter.org\/de\/kampagne\/#breadcrumb\",\"itemListElement\":[{\"@type\":\"ListItem\",\"position\":1,\"name\":\"Home\",\"item\":\"https:\/\/noplasticfilter.org\/de\/startseite\/\"},{\"@type\":\"ListItem\",\"position\":2,\"name\":\"Kampagne\"}]},{\"@type\":\"WebSite\",\"@id\":\"https:\/\/noplasticfilter.org\/de\/#website\",\"url\":\"https:\/\/noplasticfilter.org\/de\/\",\"name\":\"No (Plastic) Filter\",\"description\":\"Cigarette filters are polluting and unnecessary. That&#039;s why people and organisations worldwide call on policymakers to ban cigarette filters now. Sign to join our mission!\",\"potentialAction\":[{\"@type\":\"SearchAction\",\"target\":{\"@type\":\"EntryPoint\",\"urlTemplate\":\"https:\/\/noplasticfilter.org\/de\/?s={search_term_string}\"},\"query-input\":{\"@type\":\"PropertyValueSpecification\",\"valueRequired\":true,\"valueName\":\"search_term_string\"}}],\"inLanguage\":\"de\"}]}<\/script>\n<!-- \/ Yoast SEO plugin. -->","yoast_head_json":{"title":"Kampagne - No (Plastic) Filter","robots":{"index":"index","follow":"follow","max-snippet":"max-snippet:-1","max-image-preview":"max-image-preview:large","max-video-preview":"max-video-preview:-1"},"canonical":"https:\/\/noplasticfilter.org\/de\/kampagne\/","og_locale":"de_DE","og_type":"article","og_title":"Kampagne - No (Plastic) Filter","og_description":"Von der Unterst\u00fctzung zur Gesetzgebung Immer mehr Menschen und Organisationen machen sich Gedanken \u00fcber die Verschmutzung durch Zigarettenfilter aus Plastik. Vielen ist klar, dass Sensibilisierungskampagnen und S\u00e4uberungsaktionen allein das Problem nicht l\u00f6sen k\u00f6nnen. Die No Plastic Filter-Kampagne vereint die weltweite Bewegung, die Ma\u00dfnahmen an der Quelle fordert: die vollst\u00e4ndige Abschaffung von Zigarettenfiltern aus Plastik. Mit","og_url":"https:\/\/noplasticfilter.org\/de\/kampagne\/","og_site_name":"No (Plastic) Filter","article_modified_time":"2025-06-14T16:37:57+00:00","og_image":[{"width":1024,"height":605,"url":"https:\/\/noplasticfilter.org\/wp-content\/uploads\/2024\/11\/fbad8e74910682adaac44e85e5f93e10-1024x605.png","type":"image\/png"}],"twitter_card":"summary_large_image","twitter_misc":{"Gesch\u00e4tzte Lesezeit":"3\u00a0Minuten"},"schema":{"@context":"https:\/\/schema.org","@graph":[{"@type":"WebPage","@id":"https:\/\/noplasticfilter.org\/de\/kampagne\/","url":"https:\/\/noplasticfilter.org\/de\/kampagne\/","name":"Kampagne - No (Plastic) Filter","isPartOf":{"@id":"https:\/\/noplasticfilter.org\/de\/#website"},"primaryImageOfPage":{"@id":"https:\/\/noplasticfilter.org\/de\/kampagne\/#primaryimage"},"image":{"@id":"https:\/\/noplasticfilter.org\/de\/kampagne\/#primaryimage"},"thumbnailUrl":"https:\/\/noplasticfilter.org\/wp-content\/uploads\/2024\/11\/fbad8e74910682adaac44e85e5f93e10.png","datePublished":"2025-05-09T10:56:22+00:00","dateModified":"2025-06-14T16:37:57+00:00","breadcrumb":{"@id":"https:\/\/noplasticfilter.org\/de\/kampagne\/#breadcrumb"},"inLanguage":"de","potentialAction":[{"@type":"ReadAction","target":["https:\/\/noplasticfilter.org\/de\/kampagne\/"]}]},{"@type":"ImageObject","inLanguage":"de","@id":"https:\/\/noplasticfilter.org\/de\/kampagne\/#primaryimage","url":"https:\/\/noplasticfilter.org\/wp-content\/uploads\/2024\/11\/fbad8e74910682adaac44e85e5f93e10.png","contentUrl":"https:\/\/noplasticfilter.org\/wp-content\/uploads\/2024\/11\/fbad8e74910682adaac44e85e5f93e10.png","width":1920,"height":1135},{"@type":"BreadcrumbList","@id":"https:\/\/noplasticfilter.org\/de\/kampagne\/#breadcrumb","itemListElement":[{"@type":"ListItem","position":1,"name":"Home","item":"https:\/\/noplasticfilter.org\/de\/startseite\/"},{"@type":"ListItem","position":2,"name":"Kampagne"}]},{"@type":"WebSite","@id":"https:\/\/noplasticfilter.org\/de\/#website","url":"https:\/\/noplasticfilter.org\/de\/","name":"No (Plastic) Filter","description":"Cigarette filters are polluting and unnecessary. That&#039;s why people and organisations worldwide call on policymakers to ban cigarette filters now. Sign to join our mission!","potentialAction":[{"@type":"SearchAction","target":{"@type":"EntryPoint","urlTemplate":"https:\/\/noplasticfilter.org\/de\/?s={search_term_string}"},"query-input":{"@type":"PropertyValueSpecification","valueRequired":true,"valueName":"search_term_string"}}],"inLanguage":"de"}]}},"_links":{"self":[{"href":"https:\/\/noplasticfilter.org\/de\/wp-json\/wp\/v2\/pages\/4278","targetHints":{"allow":["GET"]}}],"collection":[{"href":"https:\/\/noplasticfilter.org\/de\/wp-json\/wp\/v2\/pages"}],"about":[{"href":"https:\/\/noplasticfilter.org\/de\/wp-json\/wp\/v2\/types\/page"}],"author":[{"embeddable":true,"href":"https:\/\/noplasticfilter.org\/de\/wp-json\/wp\/v2\/users\/1"}],"replies":[{"embeddable":true,"href":"https:\/\/noplasticfilter.org\/de\/wp-json\/wp\/v2\/comments?post=4278"}],"version-history":[{"count":1,"href":"https:\/\/noplasticfilter.org\/de\/wp-json\/wp\/v2\/pages\/4278\/revisions"}],"predecessor-version":[{"id":4279,"href":"https:\/\/noplasticfilter.org\/de\/wp-json\/wp\/v2\/pages\/4278\/revisions\/4279"}],"wp:featuredmedia":[{"embeddable":true,"href":"https:\/\/noplasticfilter.org\/de\/wp-json\/wp\/v2\/media\/4101"}],"wp:attachment":[{"href":"https:\/\/noplasticfilter.org\/de\/wp-json\/wp\/v2\/media?parent=4278"}],"curies":[{"name":"wp","href":"https:\/\/api.w.org\/{rel}","templated":true}]}}