{"id":4100,"date":"2025-05-09T14:07:36","date_gmt":"2025-05-09T12:07:36","guid":{"rendered":"https:\/\/noplasticfilter.org\/motivation\/"},"modified":"2025-06-05T15:32:07","modified_gmt":"2025-06-05T13:32:07","slug":"motivation","status":"publish","type":"page","link":"https:\/\/noplasticfilter.org\/de\/motivation\/","title":{"rendered":"Motivation"},"content":{"rendered":"\n<div class=\"wp-block-columns is-layout-flex wp-container-core-columns-is-layout-9d6595d7 wp-block-columns-is-layout-flex\">\n<div class=\"wp-block-column is-layout-flow wp-block-column-is-layout-flow\">\n<h2 class=\"wp-block-heading\">Neueste und relevanteste Erkentnisse<\/h2>\n\n\n\n<p>Immer mehr Menschen und Organisationen \u00e4u\u00dfern Bedenken \u00fcber die Verschmutzung von Kunststoffen in Filterzigaretten. Es gibt zahlreiche, gewichtige evidenzbasierte Gr\u00fcnde ein Verbot von Plastik in Filterzigaretten zu unterst\u00fctzen.  <\/p>\n\n\n\n<p><\/p>\n\n\n\n<ul class=\"wp-block-list\">\n<li>Zigarettenfilter sind zahlenm\u00e4\u00dfig die <strong>st\u00e4rkste Form von Umweltverschmutzung<\/strong> &#8211; weltweit.<\/li>\n\n\n\n<li>Zigarettenfilter aus Kunststoff <strong>zersetzen sich nicht<\/strong> in der Umwelt<\/li>\n\n\n\n<li>Zigarettenfilter aus Kunststoff zerfallen in <strong>microplastics<\/strong> und <strong>nanoplastics<\/strong>, h\u00e4ufen sich in der Umwelt lediglich an.<\/li>\n\n\n\n<li>Zigarettenfilter haben Gew\u00e4sser und B\u00f6den in den letzten <strong>verschmutzt<\/strong> water and land <strong>for mindestens in den letzten sieben Jahrzehnten<\/strong><\/li>\n\n\n\n<li><strong>S\u00e4uberungen sind nahezu <a href=\"https:\/\/doi.org\/10.1371\/journal.pone.0313241\" target=\"_blank\" rel=\"noreferrer noopener\">unm\u00f6glich<\/a><\/strong> (join the annual international cigarette butt cleanup day \u2018<a href=\"https:\/\/noplasticfilter.org\/no-butts-day\/\">No Butts Day<\/a>\u2018 to help prove it again this year)<\/li>\n\n\n\n<li>Selbst wenn 90% der kunststoffhaltigen ZIgarettenfilter ordentlich entsorgt werden w\u00fcrden, w\u00fcrden immer noch <strong>Milliarden an Kippen<\/strong> j\u00e4hrlich in der Umwelt landen: <strong>Bildung und Bewusstseinsbildung reichen daher nicht aus um das Problem zu l\u00f6sen<\/strong><\/li>\n\n\n\n<li>Zigarettenfilter aus Kunststoff l\u00f6sen <strong>enorme Mengen von Giften<\/strong> in die Umwelt aus<\/li>\n\n\n\n<li>Zigarettenfilter aus Kunststoff k\u00f6nnten einen Tr\u00e4gereffekt auf die <strong>toxischen Chemikalien<\/strong> haben, die sie ausl\u00f6sen. (the human and ecosystem impacts of this toxic chemical accumulation are unknown) <\/li>\n\n\n\n<li>Zigarettenfilter aus Kunststoff sind <strong>gef\u00e4hrlich f\u00fcr Tiere und Pflanzen zu Land sowie zu Wasser <\/strong><\/li>\n\n\n\n<li>Zigarettenfilter aus Kunststoff <strong>verschmutzen die Gew\u00e4sser auf unserem Planeten<\/strong><\/li>\n\n\n\n<li>Die Kosten der weltweiten Umweltbelastung durch Zigarettenfilter aus Kunststoff werden auf <strong>US$26 Mrd\/Jahr<\/strong> <a href=\"https:\/\/tobaccocontrol.bmj.com\/content\/33\/e2\/e1\" target=\"_blank\" rel=\"noreferrer noopener\">gesch\u00e4tzt<\/a> insbesondere f\u00fcr die Abfallentsorgung und die Sch\u00e4den am Meeres\u00f6kosystem.<\/li>\n\n\n\n<li>Zigarettenfilter aus Kunststoff <a href=\"https:\/\/tobaccocontrol.bmj.com\/content\/33\/e2\/e1\" target=\"_blank\" rel=\"noreferrer noopener\"> reduzieren nicht die Gesundheitsgefahren durchs Rauchen.<\/a><\/li>\n\n\n\n<li>Zigarettenfilter aus Kunststoff sind ein <strong>Designfehler,<\/strong> und lediglich ein <strong>marketing tool<\/strong> um mehr Zigaretten zu verkaufen<\/li>\n\n\n\n<li>Zigarettenfilter aus Kunststoff<strong> <\/strong>sind <strong>unn\u00f6tig<\/strong><\/li>\n<\/ul>\n\n\n\n<p>Lies mehr \u00fcber diese Kampagne auf unserer Seite mit <a href=\"https:\/\/noplasticfilter.org\/faq\/\">Fragen und Antworten<\/a><\/p>\n\n\n\n<p>Mehr \u00fcber Verschmutzung und T\u00e4uschung \u00fcber Zigarettenfilter aus Kunststoff kann hier gefunden werden:<\/p>\n\n\n\n<ul class=\"wp-block-list\">\n<li><a href=\"https:\/\/ash.org.uk\/media-centre\/news\/blog\/the-great-cigarette-filter-fraud\" target=\"_blank\" rel=\"noreferrer noopener\">ASH: Der gro\u00dfe Betrug um Zigarettenfilter<\/a><\/li>\n\n\n\n<li><a href=\"https:\/\/www.tobaccotactics.org\/article\/cigarette-filters\/\" target=\"_blank\" rel=\"noreferrer noopener\">Tabak Taktik (Universit\u00e4t von Bath): Zigarettenfilter<\/a><\/li>\n\n\n\n<li><a href=\"https:\/\/www.health.belgium.be\/sites\/default\/files\/uploads\/fields\/fpshealth_theme_file\/20230426_shc_9726_cigarette_filters_vweb.pdf\" target=\"_blank\" rel=\"noreferrer noopener\">Superior Health Council of Belgium: Die Auswirkungen von Zigarettenfiltern auf Gesundheit und die Umwelt in Belgien<\/a><\/li>\n\n\n\n<li><a href=\"https:\/\/cedelft.eu\/publications\/reducing-the-amount-of-cigarette-filters-in-litter\/\" target=\"_blank\" rel=\"noreferrer noopener\">CE Delft: Zigarettenfilter im Abfall reduzieren. Studie zum Ausma\u00df des Problems und m\u00f6gliche politische L\u00f6sungen <\/a><\/li>\n\n\n\n<li><a href=\"https:\/\/www.trimbos.nl\/actueel\/blogs\/de-sigaret-met-filter-schadelijk-voor-mens-en-milieu\/\" target=\"_blank\" rel=\"noreferrer noopener\">Trimbos: De sigaret m\u00e9t filter: schadelijk voor mens en milieu<\/a> (Holl\u00e4ndisch)<\/li>\n<\/ul>\n<\/div>\n<\/div>\n\n<div class=\"wp-block-columns is-layout-flex wp-container-core-columns-is-layout-9d6595d7 wp-block-columns-is-layout-flex\">\n<div class=\"wp-block-column is-layout-flow wp-block-column-is-layout-flow\">\n<figure class=\"wp-block-image size-full\"><a href=\"https:\/\/ash.org.uk\/media-centre\/news\/blog\/the-great-cigarette-filter-fraud\" target=\"_blank\" rel=\" noreferrer noopener\"><img loading=\"lazy\" decoding=\"async\" width=\"940\" height=\"535\" src=\"https:\/\/noplasticfilter.org\/wp-content\/uploads\/2025\/05\/ASH-The-great-cigarette-filter-fraud.png\" alt=\"ASH - Der gro&#xDF;e Betrug um Zigarettenfilter\" class=\"wp-image-2791\" srcset=\"https:\/\/noplasticfilter.org\/wp-content\/uploads\/2025\/05\/ASH-The-great-cigarette-filter-fraud.png 940w, https:\/\/noplasticfilter.org\/wp-content\/uploads\/2025\/05\/ASH-The-great-cigarette-filter-fraud-300x171.png 300w, https:\/\/noplasticfilter.org\/wp-content\/uploads\/2025\/05\/ASH-The-great-cigarette-filter-fraud-768x437.png 768w\" sizes=\"auto, (max-width: 940px) 100vw, 940px\" \/><\/a><\/figure>\n<\/div>\n\n\n\n<div class=\"wp-block-column is-layout-flow wp-block-column-is-layout-flow\">\n<figure class=\"wp-block-image size-full is-resized\"><a href=\"https:\/\/www.tobaccotactics.org\/article\/cigarette-filters\/\" target=\"_blank\" rel=\" noreferrer noopener\"><img loading=\"lazy\" decoding=\"async\" width=\"721\" height=\"118\" src=\"https:\/\/noplasticfilter.org\/wp-content\/uploads\/2025\/05\/Tobacco-Tactics-University-of-Bath.png\" alt=\"Tabak Taktik (Universit&#xE4;t of Bath)\" class=\"wp-image-2798\" style=\"width:293px;height:auto\" srcset=\"https:\/\/noplasticfilter.org\/wp-content\/uploads\/2025\/05\/Tobacco-Tactics-University-of-Bath.png 721w, https:\/\/noplasticfilter.org\/wp-content\/uploads\/2025\/05\/Tobacco-Tactics-University-of-Bath-300x49.png 300w\" sizes=\"auto, (max-width: 721px) 100vw, 721px\" \/><\/a><\/figure>\n<\/div>\n\n\n\n<div class=\"wp-block-column is-layout-flow wp-block-column-is-layout-flow\">\n<figure class=\"wp-block-image size-full is-resized\"><a href=\"https:\/\/www.health.belgium.be\/sites\/default\/files\/uploads\/fields\/fpshealth_theme_file\/20230426_shc_9726_cigarette_filters_vweb.pdf\" target=\"_blank\" rel=\" noreferrer noopener\"><img loading=\"lazy\" decoding=\"async\" width=\"496\" height=\"705\" src=\"https:\/\/noplasticfilter.org\/wp-content\/uploads\/2025\/05\/Superior-Health-Council-Belgium-the-impact-of-cigarette-filters-on-public-health-and-the-Belgian-environment.png\" alt=\"Superior Health Council Belgium - Die Auswirkungen von Zigarettenfilter auf die Gesundheit und die Umwelt in Belgien\" class=\"wp-image-2803\" style=\"width:293px;height:auto\" srcset=\"https:\/\/noplasticfilter.org\/wp-content\/uploads\/2025\/05\/Superior-Health-Council-Belgium-the-impact-of-cigarette-filters-on-public-health-and-the-Belgian-environment.png 496w, https:\/\/noplasticfilter.org\/wp-content\/uploads\/2025\/05\/Superior-Health-Council-Belgium-the-impact-of-cigarette-filters-on-public-health-and-the-Belgian-environment-211x300.png 211w\" sizes=\"auto, (max-width: 496px) 100vw, 496px\" \/><\/a><\/figure>\n<\/div>\n\n\n\n<div class=\"wp-block-column is-layout-flow wp-block-column-is-layout-flow\">\n<figure class=\"wp-block-image size-full is-resized\"><img decoding=\"async\" src=\"https:\/\/noplasticfilter.test\/wp-content\/uploads\/2025\/05\/image-25-234x300-1.png\" alt=\"\" class=\"wp-image-1195\" style=\"width:293px;height:auto\"\/><\/figure>\n<\/div>\n<\/div>\n\n<div aria-hidden=\"true\" class=\"wp-block-fsb-flexible-spacer fsb-flexible-spacer\"><div class=\"fsb-flexible-spacer__device fsb-flexible-spacer__device--lg\" style=\"height:100px\"><\/div><div class=\"fsb-flexible-spacer__device fsb-flexible-spacer__device--md\" style=\"height:100px\"><\/div><div class=\"fsb-flexible-spacer__device fsb-flexible-spacer__device--sm\" style=\"height:35px\"><\/div><\/div>\n\n<div aria-hidden=\"true\" class=\"wp-block-fsb-flexible-spacer fsb-flexible-spacer\"><div class=\"fsb-flexible-spacer__device fsb-flexible-spacer__device--lg\" style=\"height:100px\"><\/div><div class=\"fsb-flexible-spacer__device fsb-flexible-spacer__device--md\" style=\"height:100px\"><\/div><div class=\"fsb-flexible-spacer__device fsb-flexible-spacer__device--sm\" style=\"height:35px\"><\/div><\/div>\n","protected":false},"excerpt":{"rendered":"<p>Neueste und relevanteste Erkentnisse Immer mehr Menschen und Organisationen \u00e4u\u00dfern Bedenken \u00fcber die Verschmutzung von Kunststoffen in Filterzigaretten. Es gibt zahlreiche, gewichtige evidenzbasierte Gr\u00fcnde ein Verbot von Plastik in Filterzigaretten zu unterst\u00fctzen. Lies mehr \u00fcber diese Kampagne auf unserer Seite mit Fragen und Antworten Mehr \u00fcber Verschmutzung und T\u00e4uschung \u00fcber Zigarettenfilter aus Kunststoff kann hier<\/p>\n","protected":false},"author":1,"featured_media":4101,"parent":0,"menu_order":0,"comment_status":"closed","ping_status":"closed","template":"","meta":{"_acf_changed":false,"footnotes":""},"class_list":["post-4100","page","type-page","status-publish","has-post-thumbnail","hentry"],"acf":[],"yoast_head":"<!-- This site is optimized with the Yoast SEO plugin v25.9 - https:\/\/yoast.com\/wordpress\/plugins\/seo\/ -->\n<title>Motivation - No (Plastic) Filter<\/title>\n<meta name=\"robots\" content=\"index, follow, max-snippet:-1, max-image-preview:large, max-video-preview:-1\" \/>\n<link rel=\"canonical\" href=\"https:\/\/noplasticfilter.org\/de\/motivation\/\" \/>\n<meta property=\"og:locale\" content=\"de_DE\" \/>\n<meta property=\"og:type\" content=\"article\" \/>\n<meta property=\"og:title\" content=\"Motivation - No (Plastic) Filter\" \/>\n<meta property=\"og:description\" content=\"Neueste und relevanteste Erkentnisse Immer mehr Menschen und Organisationen \u00e4u\u00dfern Bedenken \u00fcber die Verschmutzung von Kunststoffen in Filterzigaretten. Es gibt zahlreiche, gewichtige evidenzbasierte Gr\u00fcnde ein Verbot von Plastik in Filterzigaretten zu unterst\u00fctzen. Lies mehr \u00fcber diese Kampagne auf unserer Seite mit Fragen und Antworten Mehr \u00fcber Verschmutzung und T\u00e4uschung \u00fcber Zigarettenfilter aus Kunststoff kann hier\" \/>\n<meta property=\"og:url\" content=\"https:\/\/noplasticfilter.org\/de\/motivation\/\" \/>\n<meta property=\"og:site_name\" content=\"No (Plastic) Filter\" \/>\n<meta property=\"article:modified_time\" content=\"2025-06-05T13:32:07+00:00\" \/>\n<meta property=\"og:image\" content=\"https:\/\/noplasticfilter.org\/wp-content\/uploads\/2024\/11\/fbad8e74910682adaac44e85e5f93e10-1024x605.png\" \/>\n\t<meta property=\"og:image:width\" content=\"1024\" \/>\n\t<meta property=\"og:image:height\" content=\"605\" \/>\n\t<meta property=\"og:image:type\" content=\"image\/png\" \/>\n<meta name=\"twitter:card\" content=\"summary_large_image\" \/>\n<meta name=\"twitter:label1\" content=\"Gesch\u00e4tzte Lesezeit\" \/>\n\t<meta name=\"twitter:data1\" content=\"2\u00a0Minuten\" \/>\n<script type=\"application\/ld+json\" class=\"yoast-schema-graph\">{\"@context\":\"https:\/\/schema.org\",\"@graph\":[{\"@type\":\"WebPage\",\"@id\":\"https:\/\/noplasticfilter.org\/de\/motivation\/\",\"url\":\"https:\/\/noplasticfilter.org\/de\/motivation\/\",\"name\":\"Motivation - No (Plastic) Filter\",\"isPartOf\":{\"@id\":\"https:\/\/noplasticfilter.org\/de\/#website\"},\"primaryImageOfPage\":{\"@id\":\"https:\/\/noplasticfilter.org\/de\/motivation\/#primaryimage\"},\"image\":{\"@id\":\"https:\/\/noplasticfilter.org\/de\/motivation\/#primaryimage\"},\"thumbnailUrl\":\"https:\/\/noplasticfilter.org\/wp-content\/uploads\/2024\/11\/fbad8e74910682adaac44e85e5f93e10.png\",\"datePublished\":\"2025-05-09T12:07:36+00:00\",\"dateModified\":\"2025-06-05T13:32:07+00:00\",\"breadcrumb\":{\"@id\":\"https:\/\/noplasticfilter.org\/de\/motivation\/#breadcrumb\"},\"inLanguage\":\"de\",\"potentialAction\":[{\"@type\":\"ReadAction\",\"target\":[\"https:\/\/noplasticfilter.org\/de\/motivation\/\"]}]},{\"@type\":\"ImageObject\",\"inLanguage\":\"de\",\"@id\":\"https:\/\/noplasticfilter.org\/de\/motivation\/#primaryimage\",\"url\":\"https:\/\/noplasticfilter.org\/wp-content\/uploads\/2024\/11\/fbad8e74910682adaac44e85e5f93e10.png\",\"contentUrl\":\"https:\/\/noplasticfilter.org\/wp-content\/uploads\/2024\/11\/fbad8e74910682adaac44e85e5f93e10.png\",\"width\":1920,\"height\":1135},{\"@type\":\"BreadcrumbList\",\"@id\":\"https:\/\/noplasticfilter.org\/de\/motivation\/#breadcrumb\",\"itemListElement\":[{\"@type\":\"ListItem\",\"position\":1,\"name\":\"Home\",\"item\":\"https:\/\/noplasticfilter.org\/de\/startseite\/\"},{\"@type\":\"ListItem\",\"position\":2,\"name\":\"Motivation\"}]},{\"@type\":\"WebSite\",\"@id\":\"https:\/\/noplasticfilter.org\/de\/#website\",\"url\":\"https:\/\/noplasticfilter.org\/de\/\",\"name\":\"No (Plastic) Filter\",\"description\":\"Cigarette filters are polluting and unnecessary. That&#039;s why people and organisations worldwide call on policymakers to ban cigarette filters now. Sign to join our mission!\",\"potentialAction\":[{\"@type\":\"SearchAction\",\"target\":{\"@type\":\"EntryPoint\",\"urlTemplate\":\"https:\/\/noplasticfilter.org\/de\/?s={search_term_string}\"},\"query-input\":{\"@type\":\"PropertyValueSpecification\",\"valueRequired\":true,\"valueName\":\"search_term_string\"}}],\"inLanguage\":\"de\"}]}<\/script>\n<!-- \/ Yoast SEO plugin. -->","yoast_head_json":{"title":"Motivation - No (Plastic) Filter","robots":{"index":"index","follow":"follow","max-snippet":"max-snippet:-1","max-image-preview":"max-image-preview:large","max-video-preview":"max-video-preview:-1"},"canonical":"https:\/\/noplasticfilter.org\/de\/motivation\/","og_locale":"de_DE","og_type":"article","og_title":"Motivation - No (Plastic) Filter","og_description":"Neueste und relevanteste Erkentnisse Immer mehr Menschen und Organisationen \u00e4u\u00dfern Bedenken \u00fcber die Verschmutzung von Kunststoffen in Filterzigaretten. Es gibt zahlreiche, gewichtige evidenzbasierte Gr\u00fcnde ein Verbot von Plastik in Filterzigaretten zu unterst\u00fctzen. Lies mehr \u00fcber diese Kampagne auf unserer Seite mit Fragen und Antworten Mehr \u00fcber Verschmutzung und T\u00e4uschung \u00fcber Zigarettenfilter aus Kunststoff kann hier","og_url":"https:\/\/noplasticfilter.org\/de\/motivation\/","og_site_name":"No (Plastic) Filter","article_modified_time":"2025-06-05T13:32:07+00:00","og_image":[{"width":1024,"height":605,"url":"https:\/\/noplasticfilter.org\/wp-content\/uploads\/2024\/11\/fbad8e74910682adaac44e85e5f93e10-1024x605.png","type":"image\/png"}],"twitter_card":"summary_large_image","twitter_misc":{"Gesch\u00e4tzte Lesezeit":"2\u00a0Minuten"},"schema":{"@context":"https:\/\/schema.org","@graph":[{"@type":"WebPage","@id":"https:\/\/noplasticfilter.org\/de\/motivation\/","url":"https:\/\/noplasticfilter.org\/de\/motivation\/","name":"Motivation - No (Plastic) Filter","isPartOf":{"@id":"https:\/\/noplasticfilter.org\/de\/#website"},"primaryImageOfPage":{"@id":"https:\/\/noplasticfilter.org\/de\/motivation\/#primaryimage"},"image":{"@id":"https:\/\/noplasticfilter.org\/de\/motivation\/#primaryimage"},"thumbnailUrl":"https:\/\/noplasticfilter.org\/wp-content\/uploads\/2024\/11\/fbad8e74910682adaac44e85e5f93e10.png","datePublished":"2025-05-09T12:07:36+00:00","dateModified":"2025-06-05T13:32:07+00:00","breadcrumb":{"@id":"https:\/\/noplasticfilter.org\/de\/motivation\/#breadcrumb"},"inLanguage":"de","potentialAction":[{"@type":"ReadAction","target":["https:\/\/noplasticfilter.org\/de\/motivation\/"]}]},{"@type":"ImageObject","inLanguage":"de","@id":"https:\/\/noplasticfilter.org\/de\/motivation\/#primaryimage","url":"https:\/\/noplasticfilter.org\/wp-content\/uploads\/2024\/11\/fbad8e74910682adaac44e85e5f93e10.png","contentUrl":"https:\/\/noplasticfilter.org\/wp-content\/uploads\/2024\/11\/fbad8e74910682adaac44e85e5f93e10.png","width":1920,"height":1135},{"@type":"BreadcrumbList","@id":"https:\/\/noplasticfilter.org\/de\/motivation\/#breadcrumb","itemListElement":[{"@type":"ListItem","position":1,"name":"Home","item":"https:\/\/noplasticfilter.org\/de\/startseite\/"},{"@type":"ListItem","position":2,"name":"Motivation"}]},{"@type":"WebSite","@id":"https:\/\/noplasticfilter.org\/de\/#website","url":"https:\/\/noplasticfilter.org\/de\/","name":"No (Plastic) Filter","description":"Cigarette filters are polluting and unnecessary. That&#039;s why people and organisations worldwide call on policymakers to ban cigarette filters now. Sign to join our mission!","potentialAction":[{"@type":"SearchAction","target":{"@type":"EntryPoint","urlTemplate":"https:\/\/noplasticfilter.org\/de\/?s={search_term_string}"},"query-input":{"@type":"PropertyValueSpecification","valueRequired":true,"valueName":"search_term_string"}}],"inLanguage":"de"}]}},"_links":{"self":[{"href":"https:\/\/noplasticfilter.org\/de\/wp-json\/wp\/v2\/pages\/4100","targetHints":{"allow":["GET"]}}],"collection":[{"href":"https:\/\/noplasticfilter.org\/de\/wp-json\/wp\/v2\/pages"}],"about":[{"href":"https:\/\/noplasticfilter.org\/de\/wp-json\/wp\/v2\/types\/page"}],"author":[{"embeddable":true,"href":"https:\/\/noplasticfilter.org\/de\/wp-json\/wp\/v2\/users\/1"}],"replies":[{"embeddable":true,"href":"https:\/\/noplasticfilter.org\/de\/wp-json\/wp\/v2\/comments?post=4100"}],"version-history":[{"count":1,"href":"https:\/\/noplasticfilter.org\/de\/wp-json\/wp\/v2\/pages\/4100\/revisions"}],"predecessor-version":[{"id":4102,"href":"https:\/\/noplasticfilter.org\/de\/wp-json\/wp\/v2\/pages\/4100\/revisions\/4102"}],"wp:featuredmedia":[{"embeddable":true,"href":"https:\/\/noplasticfilter.org\/de\/wp-json\/wp\/v2\/media\/4101"}],"wp:attachment":[{"href":"https:\/\/noplasticfilter.org\/de\/wp-json\/wp\/v2\/media?parent=4100"}],"curies":[{"name":"wp","href":"https:\/\/api.w.org\/{rel}","templated":true}]}}